{"id":133,"date":"2019-10-10T14:06:13","date_gmt":"2019-10-10T14:06:13","guid":{"rendered":"https:\/\/mire.gob.pa\/ministerio\/?page_id=133"},"modified":"2024-07-12T12:03:43","modified_gmt":"2024-07-12T17:03:43","slug":"presidente","status":"publish","type":"page","link":"https:\/\/mire.gob.pa\/ministerio\/presidente\/","title":{"rendered":"Presidente"},"content":{"rendered":"<div class=\"fusion-fullwidth fullwidth-box fusion-builder-row-1 fusion-flex-container has-pattern-background has-mask-background nonhundred-percent-fullwidth non-hundred-percent-height-scrolling\" style=\"--awb-border-radius-top-left:0px;--awb-border-radius-top-right:0px;--awb-border-radius-bottom-right:0px;--awb-border-radius-bottom-left:0px;--awb-flex-wrap:wrap;\" ><div class=\"fusion-builder-row fusion-row fusion-flex-align-items-flex-start fusion-flex-content-wrap\" style=\"max-width:1248px;margin-left: calc(-4% \/ 2 );margin-right: calc(-4% \/ 2 );\"><div class=\"fusion-layout-column fusion_builder_column fusion-builder-column-0 fusion_builder_column_1_3 1_3 fusion-flex-column\" style=\"--awb-bg-size:cover;--awb-width-large:33.333333333333%;--awb-margin-top-large:0px;--awb-spacing-right-large:5.76%;--awb-margin-bottom-large:20px;--awb-spacing-left-large:5.76%;--awb-width-medium:100%;--awb-order-medium:0;--awb-spacing-right-medium:1.92%;--awb-spacing-left-medium:1.92%;--awb-width-small:100%;--awb-order-small:0;--awb-spacing-right-small:1.92%;--awb-spacing-left-small:1.92%;\"><div class=\"fusion-column-wrapper fusion-column-has-shadow fusion-flex-justify-content-flex-start fusion-content-layout-column\"><div class=\"fusion-image-element \" style=\"--awb-caption-title-font-family:var(--h2_typography-font-family);--awb-caption-title-font-weight:var(--h2_typography-font-weight);--awb-caption-title-font-style:var(--h2_typography-font-style);--awb-caption-title-size:var(--h2_typography-font-size);--awb-caption-title-transform:var(--h2_typography-text-transform);--awb-caption-title-line-height:var(--h2_typography-line-height);--awb-caption-title-letter-spacing:var(--h2_typography-letter-spacing);\"><span class=\" fusion-imageframe imageframe-none imageframe-1 hover-type-none\"><img fetchpriority=\"high\" fetchpriority=\"high\" decoding=\"async\" width=\"1030\" height=\"1600\" title=\"foto-del-dia-00-1720119315\" src=\"https:\/\/mire.gob.pa\/ministerio\/wp-content\/uploads\/2024\/07\/foto-del-dia-00-1720119315.jpg\" alt class=\"img-responsive wp-image-30841\" srcset=\"https:\/\/mire.gob.pa\/ministerio\/wp-content\/uploads\/2024\/07\/foto-del-dia-00-1720119315-200x311.jpg 200w, https:\/\/mire.gob.pa\/ministerio\/wp-content\/uploads\/2024\/07\/foto-del-dia-00-1720119315-400x621.jpg 400w, https:\/\/mire.gob.pa\/ministerio\/wp-content\/uploads\/2024\/07\/foto-del-dia-00-1720119315-600x932.jpg 600w, https:\/\/mire.gob.pa\/ministerio\/wp-content\/uploads\/2024\/07\/foto-del-dia-00-1720119315-800x1243.jpg 800w, https:\/\/mire.gob.pa\/ministerio\/wp-content\/uploads\/2024\/07\/foto-del-dia-00-1720119315.jpg 1030w\" sizes=\"(max-width: 1024px) 100vw, (max-width: 640px) 100vw, 400px\" \/><\/span><\/div><\/div><\/div><div class=\"fusion-layout-column fusion_builder_column fusion-builder-column-1 fusion_builder_column_2_3 2_3 fusion-flex-column\" style=\"--awb-bg-size:cover;--awb-width-large:66.666666666667%;--awb-margin-top-large:0px;--awb-spacing-right-large:2.88%;--awb-margin-bottom-large:20px;--awb-spacing-left-large:2.88%;--awb-width-medium:100%;--awb-order-medium:0;--awb-spacing-right-medium:1.92%;--awb-spacing-left-medium:1.92%;--awb-width-small:100%;--awb-order-small:0;--awb-spacing-right-small:1.92%;--awb-spacing-left-small:1.92%;\"><div class=\"fusion-column-wrapper fusion-column-has-shadow fusion-flex-justify-content-flex-start fusion-content-layout-column\"><div class=\"fusion-text fusion-text-1\"><h1 class=\"mb-3 my-3\">Presidente de la Rep\u00fablica de Panam\u00e1<\/h1>\n<p>Jos\u00e9 Ra\u00fal Mulino, quien naci\u00f3 el 13 de junio de 1959 en David, Chiriqu\u00ed, Rep\u00fablica de Panam\u00e1, fue elegido presidente en las elecciones generales del 5 de mayo de 2024. Mulino, abogado de profesi\u00f3n, cuenta con una amplia trayectoria en el \u00e1mbito legal, gubernamental y pol\u00edtico.<\/p>\n<p>Educado en el Colegio San Vicente de Pa\u00fal en David, Chiriqu\u00ed (hoy conocido como Colegio San Agust\u00edn), Mulino continu\u00f3 sus estudios superiores en la Universidad Santa Mar\u00eda La Antigua (USMA) de Panam\u00e1, donde se licenci\u00f3 en Derecho y Ciencias Pol\u00edticas en 1982. Posteriormente, obtuvo una maestr\u00eda en Derecho Mar\u00edtimo en la Universidad de Tulane, Nueva Orleans, en 1983.<\/p>\n<p>En el \u00e1mbito profesional, Mulino inici\u00f3 su carrera como abogado en 1983 y se destac\u00f3 como socio fundador del bufete F\u00e1brega, Molino y Mulino en 1988, donde permaneci\u00f3 hasta 2015. Desde entonces, ha sido consejero en la firma de abogados Mulino &amp; Mulino. Su experiencia se extiende al sector mar\u00edtimo internacional, donde ha representado a empresas navieras, armadores y bancos en Europa y Asia desde 1989.<\/p>\n<p>La carrera p\u00fablica de Mulino es igualmente notable. Comenz\u00f3 como viceministro de Relaciones Exteriores en 1990, y en 1993 fue nombrado ministro de Relaciones Exteriores, cargo que ocup\u00f3 hasta 1994. Durante su mandato, en abril de 1994, fue el primer canciller paname\u00f1o en visitar Rusia tras 90 a\u00f1os de relaciones diplom\u00e1ticas. Tambi\u00e9n se desempe\u00f1\u00f3 como magistrado suplente de la Sala Civil de la Corte Suprema de Justicia entre 1994 y 1996. En el gobierno de Ricardo Martinelli, fue nombrado ministro de Gobierno y Justicia en 2009 y luego ministro de Seguridad P\u00fablica en 2010, cargo que ocup\u00f3 hasta 2014.<\/p>\n<p>En el \u00e1mbito pol\u00edtico, Mulino ha liderado varios partidos, incluyendo la presidencia del Partido Solidaridad (2005-2008) y del Partido Uni\u00f3n Patri\u00f3tica (2008-2011). En 2018, fue precandidato presidencial del Partido Cambio Democr\u00e1tico. Finalmente, el 5 de marzo de 2024, se convirti\u00f3 en el candidato presidencial del partido Realizando Metas (RM) y gan\u00f3 las elecciones generales en mayo de ese mismo a\u00f1o.<\/p>\n<p>Mulino es tambi\u00e9n conocido por su participaci\u00f3n en la Cruzada Civilista Nacional, donde jug\u00f3 un papel clave en la oposici\u00f3n al r\u00e9gimen de Manuel Antonio Noriega, contribuyendo a su ca\u00edda en 1989. Adem\u00e1s, ha ocupado cargos en el sector empresarial, siendo presidente de APEDE y vicepresidente de CONEP entre 1989 y 1990.<\/p>\n<p>Jos\u00e9 Ra\u00fal Mulino est\u00e1 casado con Maricel Cohen desde 1985 y es padre de cuatro hijos: Jos\u00e9 Ra\u00fal Jr., Monique Alexandra, Alexandra Victoria y Ver\u00f3nica Isabel Mulino Cohen. Tambi\u00e9n es abuelo de cuatro nietos: Sof\u00eda Victoria, Samuel Ignacio, Isabella M\u00eda y Camila Mar.<\/p>\n<p>Mulino ha recibido numerosas condecoraciones en reconocimiento a su servicio, incluyendo la Gran Cruz de la Rep\u00fablica de Panam\u00e1, Colombia, Argentina, la Gobernaci\u00f3n de Antioquia y la Cruz Peruana al M\u00e9rito Naval, entre otras.<\/p>\n<p>El 1 de julio de 2024, Mulino asumir\u00e1 la presidencia, convirti\u00e9ndose en el s\u00e9ptimo presidente electo de Panam\u00e1 en la era democr\u00e1tica, marcando un nuevo cap\u00edtulo en la historia pol\u00edtica del pa\u00eds.<\/p>\n<\/div><\/div><\/div><\/div><\/div>\n","protected":false},"excerpt":{"rendered":"","protected":false},"author":1,"featured_media":0,"parent":0,"menu_order":0,"comment_status":"closed","ping_status":"closed","template":"","meta":{"footnotes":""},"class_list":["post-133","page","type-page","status-publish","hentry"],"_links":{"self":[{"href":"https:\/\/mire.gob.pa\/ministerio\/wp-json\/wp\/v2\/pages\/133","targetHints":{"allow":["GET"]}}],"collection":[{"href":"https:\/\/mire.gob.pa\/ministerio\/wp-json\/wp\/v2\/pages"}],"about":[{"href":"https:\/\/mire.gob.pa\/ministerio\/wp-json\/wp\/v2\/types\/page"}],"author":[{"embeddable":true,"href":"https:\/\/mire.gob.pa\/ministerio\/wp-json\/wp\/v2\/users\/1"}],"replies":[{"embeddable":true,"href":"https:\/\/mire.gob.pa\/ministerio\/wp-json\/wp\/v2\/comments?post=133"}],"version-history":[{"count":8,"href":"https:\/\/mire.gob.pa\/ministerio\/wp-json\/wp\/v2\/pages\/133\/revisions"}],"predecessor-version":[{"id":30845,"href":"https:\/\/mire.gob.pa\/ministerio\/wp-json\/wp\/v2\/pages\/133\/revisions\/30845"}],"wp:attachment":[{"href":"https:\/\/mire.gob.pa\/ministerio\/wp-json\/wp\/v2\/media?parent=133"}],"curies":[{"name":"wp","href":"https:\/\/api.w.org\/{rel}","templated":true}]}}