{"id":412,"date":"2019-10-13T20:11:06","date_gmt":"2019-10-13T20:11:06","guid":{"rendered":"https:\/\/mire.gob.pa\/ministerio\/?page_id=412"},"modified":"2025-12-30T14:11:35","modified_gmt":"2025-12-30T19:11:35","slug":"autenticaciones-y-legalizaciones","status":"publish","type":"page","link":"https:\/\/mire.gob.pa\/ministerio\/autenticaciones-y-legalizaciones\/","title":{"rendered":"Autenticaciones y Legalizaciones"},"content":{"rendered":"<div class=\"fusion-fullwidth fullwidth-box fusion-builder-row-1 nonhundred-percent-fullwidth non-hundred-percent-height-scrolling\" style=\"--awb-border-radius-top-left:0px;--awb-border-radius-top-right:0px;--awb-border-radius-bottom-right:0px;--awb-border-radius-bottom-left:0px;--awb-flex-wrap:wrap;\" ><div class=\"fusion-builder-row fusion-row\"><div class=\"fusion-layout-column fusion_builder_column fusion-builder-column-0 fusion_builder_column_3_4 3_4 fusion-three-fourth fusion-column-first\" style=\"--awb-bg-size:cover;width:75%;width:calc(75% - ( ( 4% ) * 0.75 ) );margin-right: 4%;\"><div class=\"fusion-column-wrapper fusion-column-has-shadow fusion-flex-column-wrapper-legacy\"><div class=\"fusion-text fusion-text-1\"><p><strong>REQUISITOS PARA REGISTRAR FIRMA<\/strong><\/p>\n<ul>\n<li>Formulario completo con la informaci\u00f3n requerida incluyendo foto.<\/li>\n<li>Firma ol\u00f3grafa (fresca) y estampado de sello que utiliza, colocarlo dentro del recuadro<\/li>\n<li>Adicionar r\u00fabrica dentro del recuadro si la emplea (en este caso, agregar ambas firmas)<\/li>\n<li>Copia de la Resoluci\u00f3n de designaci\u00f3n del cargo<\/li>\n<li>Copia del Acta de la toma de posesi\u00f3n<\/li>\n<li>Copia de c\u00e9dula<\/li>\n<li>Uso exclusivo para funcionarios p\u00fablicos paname\u00f1os<\/li>\n<\/ul>\n<p><strong>Traductores P\u00fablicos Autorizados:<\/strong><\/p>\n<ul>\n<li>Formulario completado con la informaci\u00f3n requerida (incluyendo foto)<\/li>\n<li>Firma fresca dentro del recuadro (incluir estampado de sello que utiliza)<\/li>\n<li>Copia de la Resoluci\u00f3n del Ministerio de Educaci\u00f3n (MEDUCA)<\/li>\n<li>Copia del carnet de Traductor<\/li>\n<li>Copia de c\u00e9dula<\/li>\n<\/ul>\n<p><strong>OBSERVACIONES IMPORTANTES:<\/strong><\/p>\n<p>1. La firma registrada debe coincidir exactamente con la utilizada en los documentos que se emitan.<\/p>\n<p>2. Cualquier cambio de firma obliga actualizar el formulario.<\/p>\n<p>3. La Instituci\u00f3n deber\u00e1 comunicar formalmente al Depto. de Autenticaci\u00f3n y Legalizaci\u00f3n cualquier cambio de firma, renovaci\u00f3n, cambio de cargo, nueva designaci\u00f3n o finalizaci\u00f3n del cargo del funcionario Registrado.<\/p>\n<p>4. Los documentos emitidos deben contener: firma, sello y fecha. Aparte de la firma debe colocar nombre Ej: __ __Firma_____________<\/p>\n<p>Nombre<\/p>\n<p><strong>AVISO:<\/strong><\/p>\n<ul>\n<li>En caso de implementar el uso de firma electr\u00f3nica calificada debe estar registrada en la Direcci\u00f3n Nacional de Firma Electr\u00f3nica del Registro P\u00fablico de Panam\u00e1. La Instituci\u00f3n deber\u00e1 notificar y registrar al funcionario designado mediante nota formal, indicando los tipos de documentos que se emitir\u00e1n bajo esa modalidad.<\/li>\n<li>El funcionario podr\u00e1 registrar ambas firmas (la firma electr\u00f3nica calificada y la firma ol\u00f3grafa).<\/li>\n<\/ul>\n<\/div><div class=\"fusion-button-wrapper\"><a class=\"fusion-button button-flat fusion-button-default-size button-custom fusion-button-default button-1 fusion-button-default-span fusion-button-default-type fusion-has-button-gradient\" style=\"--button_accent_color:#ffffff;--button_accent_hover_color:#ffffff;--button_border_hover_color:#ffffff;--button_gradient_top_color:#5da0f7;--button_gradient_bottom_color:#386693;--button_gradient_top_color_hover:#96c346;--button_gradient_bottom_color_hover:#96c346;\" target=\"_self\" href=\"https:\/\/mire.gob.pa\/ministerio\/wp-content\/uploads\/2025\/12\/FORMULARIO-registro-de-firmas-c.docx\"><span class=\"fusion-button-text awb-button__text awb-button__text--default\">DESCARGAR FORMULARIO<\/span><\/a><\/div><div class=\"fusion-clearfix\"><\/div><\/div><\/div><\/div><\/div>\n","protected":false},"excerpt":{"rendered":"","protected":false},"author":1,"featured_media":0,"parent":0,"menu_order":0,"comment_status":"closed","ping_status":"closed","template":"","meta":{"footnotes":""},"class_list":["post-412","page","type-page","status-publish","hentry"],"_links":{"self":[{"href":"https:\/\/mire.gob.pa\/ministerio\/wp-json\/wp\/v2\/pages\/412","targetHints":{"allow":["GET"]}}],"collection":[{"href":"https:\/\/mire.gob.pa\/ministerio\/wp-json\/wp\/v2\/pages"}],"about":[{"href":"https:\/\/mire.gob.pa\/ministerio\/wp-json\/wp\/v2\/types\/page"}],"author":[{"embeddable":true,"href":"https:\/\/mire.gob.pa\/ministerio\/wp-json\/wp\/v2\/users\/1"}],"replies":[{"embeddable":true,"href":"https:\/\/mire.gob.pa\/ministerio\/wp-json\/wp\/v2\/comments?post=412"}],"version-history":[{"count":20,"href":"https:\/\/mire.gob.pa\/ministerio\/wp-json\/wp\/v2\/pages\/412\/revisions"}],"predecessor-version":[{"id":34492,"href":"https:\/\/mire.gob.pa\/ministerio\/wp-json\/wp\/v2\/pages\/412\/revisions\/34492"}],"wp:attachment":[{"href":"https:\/\/mire.gob.pa\/ministerio\/wp-json\/wp\/v2\/media?parent=412"}],"curies":[{"name":"wp","href":"https:\/\/api.w.org\/{rel}","templated":true}]}}