{"id":414,"date":"2019-10-13T20:15:12","date_gmt":"2019-10-13T20:15:12","guid":{"rendered":"https:\/\/mire.gob.pa\/ministerio\/?page_id=414"},"modified":"2021-06-21T10:37:28","modified_gmt":"2021-06-21T15:37:28","slug":"tarifario-de-tramites-y-timbres","status":"publish","type":"page","link":"https:\/\/mire.gob.pa\/ministerio\/tarifario-de-tramites-y-timbres\/","title":{"rendered":"Tarifario de Tr\u00e1mites y Timbres"},"content":{"rendered":"<div class=\"fusion-fullwidth fullwidth-box fusion-builder-row-1 nonhundred-percent-fullwidth non-hundred-percent-height-scrolling\" style=\"--awb-border-radius-top-left:0px;--awb-border-radius-top-right:0px;--awb-border-radius-bottom-right:0px;--awb-border-radius-bottom-left:0px;--awb-flex-wrap:wrap;\" ><div class=\"fusion-builder-row fusion-row\"><div class=\"fusion-layout-column fusion_builder_column fusion-builder-column-0 fusion_builder_column_1_3 1_3 fusion-one-third fusion-column-first\" style=\"--awb-bg-size:cover;width:33.333333333333%;width:calc(33.333333333333% - ( ( 4% ) * 0.33333333333333 ) );margin-right: 4%;\"><div class=\"fusion-column-wrapper fusion-column-has-shadow fusion-flex-column-wrapper-legacy\"><div class=\"accordian fusion-accordian\" style=\"--awb-border-size:1px;--awb-icon-size:13px;--awb-content-font-size:16px;--awb-icon-alignment:left;--awb-hover-color:rgba(249,249,249,0);--awb-border-color:rgba(204,204,204,0);--awb-background-color:rgba(255,255,255,0);--awb-divider-color:#e0dede;--awb-divider-hover-color:#e0dede;--awb-icon-color:#ffffff;--awb-title-color:#3083c4;--awb-content-color:#4c4c4c;--awb-icon-box-color:#333333;--awb-toggle-hover-accent-color:#00366a;--awb-title-font-family:&quot;Avenir Roman&quot;;--awb-title-font-weight:700;--awb-title-font-style:normal;--awb-content-font-family:&quot;Avenir Roman&quot;;--awb-content-font-style:normal;--awb-content-font-weight:400;\"><div class=\"panel-group fusion-toggle-icon-boxed\" id=\"accordion-414-1\"><div class=\"fusion-panel panel-default panel-d06888f892ae078d4 fusion-toggle-has-divider\"><div class=\"panel-heading\"><h4 class=\"panel-title toggle\" id=\"toggle_d06888f892ae078d4\"><a class=\"active\" aria-expanded=\"true\" aria-controls=\"d06888f892ae078d4\" role=\"button\" data-toggle=\"collapse\" data-parent=\"#accordion-414-1\" data-target=\"#d06888f892ae078d4\" href=\"#d06888f892ae078d4\"><span class=\"fusion-toggle-icon-wrapper\" aria-hidden=\"true\"><i class=\"fa-fusion-box active-icon awb-icon-minus\" aria-hidden=\"true\"><\/i><i class=\"fa-fusion-box inactive-icon awb-icon-plus\" aria-hidden=\"true\"><\/i><\/span><span class=\"fusion-toggle-heading\">Men\u00fa de Autenticaciones y Legalizaciones<\/span><\/a><\/h4><\/div><div id=\"d06888f892ae078d4\" class=\"panel-collapse collapse in\" aria-labelledby=\"toggle_d06888f892ae078d4\"><div class=\"panel-body toggle-content fusion-clearfix\">\n<p><a href=\"https:\/\/mire.gob.pa\/ministerio\/autenticaciones-y-legalizaciones\/\">Registro de firmas<\/a><\/p>\n<p><a href=\"https:\/\/mire.gob.pa\/ministerio\/tarifario-de-tramites-y-timbres\/\">Tarifario<\/a><\/p>\n<p><a href=\"https:\/\/mire.gob.pa\/ministerio\/consultas\/\">Consultas<\/a><\/p>\n<p><a href=\"https:\/\/mire.gob.pa\/ministerio\/lineamientos\/\">Lineamientos<\/a><\/p>\n<p><a href=\"https:\/\/mire.gob.pa\/ministerio\/wp-content\/uploads\/2020\/06\/Gu--a-de-Usuario-Solicitud-de-Apostilla-1.pdf\">Gu\u00eda de usuario del formulario de solicitud<\/a><\/p>\n<p><a href=\"https:\/\/mire.gob.pa\/ministerio\/wp-content\/uploads\/2020\/06\/Formulario-M--s-de-10-documentos.docx\">Formulario para m\u00e1s de 10 de documentos<\/a><\/p>\n<div class=\"fusion-button-wrapper\"><a class=\"fusion-button button-flat fusion-button-default-size button-custom fusion-button-default button-1 fusion-button-default-span fusion-button-default-type\" style=\"--button_accent_color:#ffffff;--button_accent_hover_color:#ffffff;--button_border_hover_color:#ffffff;--button_gradient_top_color:#00366a;--button_gradient_bottom_color:#00366a;--button_gradient_top_color_hover:#00366a;--button_gradient_bottom_color_hover:#00366a;\" target=\"_self\" href=\"https:\/\/sigob.mire.gob.pa\/registrocorrespondencia\/\"><span class=\"fusion-button-text awb-button__text awb-button__text--default\">Formulario de solicitud<\/span><\/a><\/div>\n<\/div><\/div><\/div><\/div><\/div><div class=\"fusion-clearfix\"><\/div><\/div><\/div><div class=\"fusion-layout-column fusion_builder_column fusion-builder-column-1 fusion_builder_column_2_3 2_3 fusion-two-third fusion-column-last\" style=\"--awb-bg-size:cover;width:66.666666666667%;width:calc(66.666666666667% - ( ( 4% ) * 0.66666666666667 ) );\"><div class=\"fusion-column-wrapper fusion-column-has-shadow fusion-flex-column-wrapper-legacy\"><div class=\"fusion-title title fusion-title-1 fusion-sep-none fusion-title-text fusion-title-size-one\" style=\"--awb-margin-top-small:0px;--awb-margin-right-small:0px;--awb-margin-bottom-small:20px;--awb-margin-left-small:0px;\"><h1 class=\"fusion-title-heading title-heading-left\" style=\"margin:0;\"><h2>Departamento de Autenticaciones y Legalizaciones<\/h2><\/h1><\/div><div class=\"accordian fusion-accordian\" style=\"--awb-border-size:1px;--awb-icon-size:13px;--awb-content-font-size:16px;--awb-icon-alignment:left;--awb-hover-color:rgba(249,249,249,0);--awb-border-color:rgba(204,204,204,0);--awb-background-color:rgba(255,255,255,0);--awb-divider-color:#e0dede;--awb-divider-hover-color:#e0dede;--awb-icon-color:#ffffff;--awb-title-color:#3083c4;--awb-content-color:#4c4c4c;--awb-icon-box-color:#333333;--awb-toggle-hover-accent-color:#00366a;--awb-title-font-family:&quot;Avenir Roman&quot;;--awb-title-font-weight:700;--awb-title-font-style:normal;--awb-content-font-family:&quot;Avenir Roman&quot;;--awb-content-font-style:normal;--awb-content-font-weight:400;\"><div class=\"panel-group fusion-toggle-icon-boxed\" id=\"accordion-414-2\"><div class=\"fusion-panel panel-default panel-c2fbb052ae9cee1aa fusion-toggle-has-divider\"><div class=\"panel-heading\"><h4 class=\"panel-title toggle\" id=\"toggle_c2fbb052ae9cee1aa\"><a aria-expanded=\"false\" aria-controls=\"c2fbb052ae9cee1aa\" role=\"button\" data-toggle=\"collapse\" data-parent=\"#accordion-414-2\" data-target=\"#c2fbb052ae9cee1aa\" href=\"#c2fbb052ae9cee1aa\"><span class=\"fusion-toggle-icon-wrapper\" aria-hidden=\"true\"><i class=\"fa-fusion-box active-icon awb-icon-minus\" aria-hidden=\"true\"><\/i><i class=\"fa-fusion-box inactive-icon awb-icon-plus\" aria-hidden=\"true\"><\/i><\/span><span class=\"fusion-toggle-heading\">Documentos Acad\u00e9micos: Entidades P\u00fablicas y Privadas<\/span><\/a><\/h4><\/div><div id=\"c2fbb052ae9cee1aa\" class=\"panel-collapse collapse \" aria-labelledby=\"toggle_c2fbb052ae9cee1aa\"><div class=\"panel-body toggle-content fusion-clearfix\">\n<div class=\"table-responsive\">\n<table class=\"table table-bordered table-condensed\">\n<thead>\n<tr>\n<th>Tipo de Documento<\/th>\n<th>Formato del Documento<\/th>\n<th>Valor Tr\u00e1mite<br \/>\nApostilla o Certificaci\u00f3n<\/th>\n<th>Valor Timbres<\/th>\n<th>Firma que se Legaliza<\/th>\n<\/tr>\n<\/thead>\n<tbody>\n<tr>\n<td rowspan=\"2\">Diploma Universitario<\/p>\n<p>&nbsp;<\/p>\n<p>Cr\u00e9ditos<\/p>\n<p>&nbsp;<\/td>\n<td>Original<\/p>\n<p>Copia<\/td>\n<td>B\/. 2.00<\/p>\n<p>B\/. 2.00<\/td>\n<td>Exonerado<\/p>\n<p>B\/. 6.00<\/td>\n<td>Firma fresca del Secretario General<\/p>\n<p>Fiel copia de su Original con firma fresca del Secretario General<\/td>\n<\/tr>\n<tr>\n<td>Original<\/p>\n<p>Copia<\/td>\n<td>B\/. 2.00<\/p>\n<p>B\/. 2.00<\/td>\n<td>B\/. 4.00<\/p>\n<p>B\/. 4.00<\/td>\n<td>Firma fresca de al Entidad responsable<\/td>\n<\/tr>\n<tr>\n<td>Diploma Escolar<\/td>\n<td>Original<\/p>\n<p>Copia<\/td>\n<td>B\/. 2.00<\/p>\n<p>B\/. 2.00<\/td>\n<td>Exonerado<\/p>\n<p>B\/. 6.00<\/td>\n<td>Firma fresca de la Regional correspondiente<\/p>\n<p>Fiel copia de su Original con Firma fresca de la Regional correspondiente<\/td>\n<\/tr>\n<\/tbody>\n<\/table>\n<\/div>\n<h4>*Toda documentaci\u00f3n presentada en este Departamento debe cumplir con los requisitos de forma.<\/h4>\n<h4>*Todos los tr\u00e1mites de apostilla o certificaci\u00f3n tienen un costo de B\/. 2.00<\/h4>\n<\/div><\/div><\/div><div class=\"fusion-panel panel-default panel-22dde828b1077bddb fusion-toggle-has-divider\"><div class=\"panel-heading\"><h4 class=\"panel-title toggle\" id=\"toggle_22dde828b1077bddb\"><a aria-expanded=\"false\" aria-controls=\"22dde828b1077bddb\" role=\"button\" data-toggle=\"collapse\" data-parent=\"#accordion-414-2\" data-target=\"#22dde828b1077bddb\" href=\"#22dde828b1077bddb\"><span class=\"fusion-toggle-icon-wrapper\" aria-hidden=\"true\"><i class=\"fa-fusion-box active-icon awb-icon-minus\" aria-hidden=\"true\"><\/i><i class=\"fa-fusion-box inactive-icon awb-icon-plus\" aria-hidden=\"true\"><\/i><\/span><span class=\"fusion-toggle-heading\">Documentos Oficiales: Estatales, Entidades Aut\u00f3nomas y semi Aut\u00f3nomas<\/span><\/a><\/h4><\/div><div id=\"22dde828b1077bddb\" class=\"panel-collapse collapse \" aria-labelledby=\"toggle_22dde828b1077bddb\"><div class=\"panel-body toggle-content fusion-clearfix\">\n<div class=\"table-responsive\">\n<table class=\"table table-bordered table-condensed\">\n<thead>\n<tr>\n<th>Tipo de Documento<\/th>\n<th>Formato del Documento<\/th>\n<th>Valor Tr\u00e1mite<br \/>\nApostilla o Certificaci\u00f3n<\/th>\n<th>Valor Timbres<\/th>\n<th>Firma que se Legaliza<\/th>\n<\/tr>\n<\/thead>\n<tbody>\n<tr>\n<td>Certificados del Tribunal Electoral<\/td>\n<td>Original<\/p>\n<p>Copia<\/td>\n<td>B\/. 2.00<\/p>\n<p>B\/. 2.00<\/td>\n<td>B\/. 3.00<\/p>\n<p>B\/. 3.00<\/td>\n<td>Firma fresca del funcionario<\/p>\n<p>Fiel copia de su original con firma fresca del funcionario<\/td>\n<\/tr>\n<tr>\n<td>Certificaciones del Tribunal Electoral(Integro)<\/td>\n<td>Original<\/p>\n<p>Copia<\/td>\n<td>B\/. 2.00<\/p>\n<p>B\/. 2.00<\/td>\n<td>B\/. 3.00<\/p>\n<p>B\/. 3.00<\/td>\n<td>Firma fresca del funcionario<\/p>\n<p>Fiel copia de su original con firma fresca del funcionario<\/td>\n<\/tr>\n<tr>\n<td>Certificado del Registro P\u00fablico<\/td>\n<td>Original Copia<\/td>\n<td>B\/. 2.00<\/p>\n<p>B\/. 2.00<\/td>\n<td>B\/. 2.00<\/p>\n<p>B\/. 6.00<\/td>\n<td>Firma fresca del funcionario<\/p>\n<p>Fiel copia de su original con firma fresca del funcionario<\/td>\n<\/tr>\n<tr>\n<td>Documentos de otras Entidades Estatales<\/td>\n<td>Original<\/p>\n<p>Copia<\/td>\n<td>B\/. 2.00<\/p>\n<p>B\/. 2.00<\/td>\n<td>B\/. 6.00<\/p>\n<p>B\/. 6.00<\/td>\n<td>Firma fresca del funcionario<\/p>\n<p>Fiel copia de su original con firma fresca del funcionario<\/td>\n<\/tr>\n<tr>\n<td>Certificados de Autenticaci\u00f3n de Consulados Paname\u00f1os en el exterior<\/td>\n<td>Original<\/td>\n<td>B\/. 2.00<\/td>\n<td>Exonerado<\/td>\n<td>Firma fresca del funcionario del Servicio Exterior Paname\u00f1o<\/td>\n<\/tr>\n<tr>\n<td>Certificados de Consulados Extranjeros en Panam\u00e1<\/td>\n<td>Original<\/p>\n<p>Copia<\/td>\n<td>B\/. 2.00<\/p>\n<p>B\/. 2.00<\/td>\n<td>B\/. 2.00<\/p>\n<p>B\/. 2.00<\/td>\n<td>Firma fresca del funcionario del Cuerpo Diplom\u00e1tico Acreditado de Panam\u00e1<\/p>\n<p>Fiel copia de su original con firma fresca del funcionario del Cuerpo Diplom\u00e1tico Acreditado de Panam\u00e1<\/td>\n<\/tr>\n<tr>\n<td>Curia Metropolitana<\/td>\n<td>Original<\/p>\n<p>Copia<\/td>\n<td>B\/. 2.00<\/p>\n<p>B\/. 2.00<\/td>\n<td>B\/. 6.00<\/p>\n<p>B\/. 6.00<\/td>\n<td>Firma de la Autoridad Eclesi\u00e1stica<\/p>\n<p>Fiel copia de su original con firma de la Autoridad Eclesi\u00e1stica<\/td>\n<\/tr>\n<tr>\n<td>R\u00e9cord Policivo<\/td>\n<td>Original<\/td>\n<td>B\/. 2.00<\/td>\n<td>B\/. 7.00<\/td>\n<td>Firma fresca del funcionario D.I.J.<\/td>\n<\/tr>\n<tr>\n<td>Facturas y Lista de Precios sellados por la C\u00e1mara de Comercio de Panam\u00e1 y Col\u00f3n<\/td>\n<td>Original<\/td>\n<td>B\/. 2.00<\/td>\n<td>B\/. 2.00<\/p>\n<p>B\/. 8.00<\/td>\n<td>Firma fresca del funcionario de la C\u00e1mara de Comercio<\/p>\n<p>Otro tipo de Documento cuando la firma es de un Notario.<\/td>\n<\/tr>\n<\/tbody>\n<\/table>\n<\/div>\n<h5>*Toda documentaci\u00f3n presentada en este Departamento debe cumplir con los requisitos de forma.<\/h5>\n<h5>*Todos los tr\u00e1mites de apostilla o certificaci\u00f3n tienen un costo de B\/. 2.00<\/h5>\n<\/div><\/div><\/div><div class=\"fusion-panel panel-default panel-7fee75f0378a03dd6 fusion-toggle-has-divider\"><div class=\"panel-heading\"><h4 class=\"panel-title toggle\" id=\"toggle_7fee75f0378a03dd6\"><a aria-expanded=\"false\" aria-controls=\"7fee75f0378a03dd6\" role=\"button\" data-toggle=\"collapse\" data-parent=\"#accordion-414-2\" data-target=\"#7fee75f0378a03dd6\" href=\"#7fee75f0378a03dd6\"><span class=\"fusion-toggle-icon-wrapper\" aria-hidden=\"true\"><i class=\"fa-fusion-box active-icon awb-icon-minus\" aria-hidden=\"true\"><\/i><i class=\"fa-fusion-box inactive-icon awb-icon-plus\" aria-hidden=\"true\"><\/i><\/span><span class=\"fusion-toggle-heading\">Documentos Privados Notariados<\/span><\/a><\/h4><\/div><div id=\"7fee75f0378a03dd6\" class=\"panel-collapse collapse \" aria-labelledby=\"toggle_7fee75f0378a03dd6\"><div class=\"panel-body toggle-content fusion-clearfix\">\n<div class=\"table-responsive\">\n<table class=\"table table-bordered table-condensed\">\n<thead>\n<tr>\n<th>Tipo de Documento<\/th>\n<th>Formato del Documento<\/th>\n<th>Valor Tr\u00e1mite<br \/>\nApostilla o Certificaci\u00f3n<\/th>\n<th>Valor Timbres<\/th>\n<th>Firma que se Legaliza<\/th>\n<\/tr>\n<\/thead>\n<tbody>\n<tr>\n<td>Todo Tipo de Documento Privado que est\u00e9 Notariado<\/td>\n<td>Original<\/p>\n<p>Copias<\/td>\n<td>B\/. 2.00<\/p>\n<p>B\/. 2.00<\/td>\n<td>B\/. 8.00<\/p>\n<p>B\/. 8.00<\/td>\n<td>Firma fresca del Notario<\/p>\n<p>Firma fresca del Notario<\/td>\n<\/tr>\n<\/tbody>\n<\/table>\n<\/div>\n<h5>*Toda documentaci\u00f3n presentada en este Departamento debe cumplir con los requisitos de forma.<\/h5>\n<h5>*Todos los tr\u00e1mites de apostilla o certificaci\u00f3n tienen un costo de B\/. 2.00<\/h5>\n<\/div><\/div><\/div><\/div><\/div><div class=\"fusion-clearfix\"><\/div><\/div><\/div><\/div><\/div>\n","protected":false},"excerpt":{"rendered":"","protected":false},"author":1,"featured_media":0,"parent":0,"menu_order":0,"comment_status":"closed","ping_status":"closed","template":"","meta":{"footnotes":""},"class_list":["post-414","page","type-page","status-publish","hentry"],"_links":{"self":[{"href":"https:\/\/mire.gob.pa\/ministerio\/wp-json\/wp\/v2\/pages\/414","targetHints":{"allow":["GET"]}}],"collection":[{"href":"https:\/\/mire.gob.pa\/ministerio\/wp-json\/wp\/v2\/pages"}],"about":[{"href":"https:\/\/mire.gob.pa\/ministerio\/wp-json\/wp\/v2\/types\/page"}],"author":[{"embeddable":true,"href":"https:\/\/mire.gob.pa\/ministerio\/wp-json\/wp\/v2\/users\/1"}],"replies":[{"embeddable":true,"href":"https:\/\/mire.gob.pa\/ministerio\/wp-json\/wp\/v2\/comments?post=414"}],"version-history":[{"count":8,"href":"https:\/\/mire.gob.pa\/ministerio\/wp-json\/wp\/v2\/pages\/414\/revisions"}],"predecessor-version":[{"id":11223,"href":"https:\/\/mire.gob.pa\/ministerio\/wp-json\/wp\/v2\/pages\/414\/revisions\/11223"}],"wp:attachment":[{"href":"https:\/\/mire.gob.pa\/ministerio\/wp-json\/wp\/v2\/media?parent=414"}],"curies":[{"name":"wp","href":"https:\/\/api.w.org\/{rel}","templated":true}]}}