{"id":416,"date":"2019-10-13T20:17:00","date_gmt":"2019-10-13T20:17:00","guid":{"rendered":"https:\/\/mire.gob.pa\/ministerio\/?page_id=416"},"modified":"2025-12-18T09:17:57","modified_gmt":"2025-12-18T14:17:57","slug":"consultas","status":"publish","type":"page","link":"https:\/\/mire.gob.pa\/ministerio\/consultas\/","title":{"rendered":"Consultas"},"content":{"rendered":"<div class=\"fusion-fullwidth fullwidth-box fusion-builder-row-1 nonhundred-percent-fullwidth non-hundred-percent-height-scrolling\" style=\"--awb-border-radius-top-left:0px;--awb-border-radius-top-right:0px;--awb-border-radius-bottom-right:0px;--awb-border-radius-bottom-left:0px;--awb-flex-wrap:wrap;\" ><div class=\"fusion-builder-row fusion-row\"><div class=\"fusion-layout-column fusion_builder_column fusion-builder-column-0 fusion_builder_column_1_3 1_3 fusion-one-third fusion-column-first\" style=\"--awb-bg-size:cover;width:33.333333333333%;width:calc(33.333333333333% - ( ( 4% ) * 0.33333333333333 ) );margin-right: 4%;\"><div class=\"fusion-column-wrapper fusion-column-has-shadow fusion-flex-column-wrapper-legacy\"><div class=\"accordian fusion-accordian\" style=\"--awb-border-size:1px;--awb-icon-size:13px;--awb-content-font-size:16px;--awb-icon-alignment:left;--awb-hover-color:rgba(249,249,249,0);--awb-border-color:rgba(204,204,204,0);--awb-background-color:rgba(255,255,255,0);--awb-divider-color:#e0dede;--awb-divider-hover-color:#e0dede;--awb-icon-color:#ffffff;--awb-title-color:#3083c4;--awb-content-color:#4c4c4c;--awb-icon-box-color:#333333;--awb-toggle-hover-accent-color:#00366a;--awb-title-font-family:&quot;Avenir Roman&quot;;--awb-title-font-weight:700;--awb-title-font-style:normal;--awb-content-font-family:&quot;Avenir Roman&quot;;--awb-content-font-style:normal;--awb-content-font-weight:400;\"><div class=\"panel-group fusion-toggle-icon-boxed\" id=\"accordion-416-1\"><div class=\"fusion-panel panel-default panel-2dd160bbda99707eb fusion-toggle-has-divider\"><div class=\"panel-heading\"><h4 class=\"panel-title toggle\" id=\"toggle_2dd160bbda99707eb\"><a class=\"active\" aria-expanded=\"true\" aria-controls=\"2dd160bbda99707eb\" role=\"button\" data-toggle=\"collapse\" data-parent=\"#accordion-416-1\" data-target=\"#2dd160bbda99707eb\" href=\"#2dd160bbda99707eb\"><span class=\"fusion-toggle-icon-wrapper\" aria-hidden=\"true\"><i class=\"fa-fusion-box active-icon awb-icon-minus\" aria-hidden=\"true\"><\/i><i class=\"fa-fusion-box inactive-icon awb-icon-plus\" aria-hidden=\"true\"><\/i><\/span><span class=\"fusion-toggle-heading\">Men\u00fa de Autenticaciones y Legalizaciones<\/span><\/a><\/h4><\/div><div id=\"2dd160bbda99707eb\" class=\"panel-collapse collapse in\" aria-labelledby=\"toggle_2dd160bbda99707eb\"><div class=\"panel-body toggle-content fusion-clearfix\">\n<p><a href=\"https:\/\/mire.gob.pa\/ministerio\/autenticaciones-y-legalizaciones\/\">Registro de firmas<\/a><\/p>\n<p><a href=\"https:\/\/mire.gob.pa\/listado-de-traductores-publicos-actualizado\/\">Traductores P\u00fablicos Autorizados<\/a><\/p>\n<p><a href=\"https:\/\/mire.gob.pa\/tarifario-de-tramites-y-timbres\/\">Tarifario<\/a><\/p>\n<p><a href=\"https:\/\/mire.gob.pa\/ministerio\/consultas\/\">Consultas<\/a><\/p>\n<\/div><\/div><\/div><\/div><\/div><div class=\"fusion-clearfix\"><\/div><\/div><\/div><div class=\"fusion-layout-column fusion_builder_column fusion-builder-column-1 fusion_builder_column_2_3 2_3 fusion-two-third fusion-column-last\" style=\"--awb-bg-size:cover;width:66.666666666667%;width:calc(66.666666666667% - ( ( 4% ) * 0.66666666666667 ) );\"><div class=\"fusion-column-wrapper fusion-column-has-shadow fusion-flex-column-wrapper-legacy\"><div class=\"fusion-title title fusion-title-1 fusion-sep-none fusion-title-center fusion-title-text fusion-title-size-one\" style=\"--awb-margin-top-small:0px;--awb-margin-right-small:0px;--awb-margin-bottom-small:20px;--awb-margin-left-small:0px;\"><h1 class=\"fusion-title-heading title-heading-center\" style=\"margin:0;\"><h2>Consultas<\/h2><\/h1><\/div><div class=\"fusion-text fusion-text-1\"><p>Para realizar consultas al Departamento de Autenticaci\u00f3n y legalizaci\u00f3n favor dirigirse al siguiente correo electr\u00f3nico:<\/p>\n<p><a class=\"local\" href=\"mailto:autenticaciones@mire.gob.pa\">autenticaciones@mire.gob.pa<\/a><\/p>\n<table class=\"table table-striped\">\n<thead>\n<tr>\n<th style=\"text-align: left;\"><strong>DEPARTAMENTO<\/strong><\/th>\n<th style=\"text-align: left;\"><strong>TEL\u00c9FONO<\/strong><\/th>\n<th style=\"text-align: left;\"><\/th>\n<\/tr>\n<\/thead>\n<tbody>\n<tr>\n<td>Central Telef\u00f3nica<\/td>\n<td>511-4100<\/td>\n<td>511-4200<\/td>\n<\/tr>\n<tr>\n<td>Departamento de Autenticaci\u00f3n y Legalizaci\u00f3n<\/td>\n<td><\/td>\n<td><span data-olk-copy-source=\"MessageBody\">504-9396 \/9569<\/span><\/td>\n<\/tr>\n<\/tbody>\n<\/table>\n<table style=\"border-collapse: collapse; width: 433px; height: 21px;\">\n<colgroup>\n<col width=\"433\" \/> <\/colgroup>\n<\/table>\n<p>Tumba Muerto, Plaza Ventura, Planta Baja, Local Numero 2, al lado de la caja de ahorros.<\/p>\n<\/div><div class=\"fusion-clearfix\"><\/div><\/div><\/div><\/div><\/div>\n","protected":false},"excerpt":{"rendered":"","protected":false},"author":1,"featured_media":0,"parent":0,"menu_order":0,"comment_status":"closed","ping_status":"closed","template":"","meta":{"footnotes":""},"class_list":["post-416","page","type-page","status-publish","hentry"],"_links":{"self":[{"href":"https:\/\/mire.gob.pa\/ministerio\/wp-json\/wp\/v2\/pages\/416","targetHints":{"allow":["GET"]}}],"collection":[{"href":"https:\/\/mire.gob.pa\/ministerio\/wp-json\/wp\/v2\/pages"}],"about":[{"href":"https:\/\/mire.gob.pa\/ministerio\/wp-json\/wp\/v2\/types\/page"}],"author":[{"embeddable":true,"href":"https:\/\/mire.gob.pa\/ministerio\/wp-json\/wp\/v2\/users\/1"}],"replies":[{"embeddable":true,"href":"https:\/\/mire.gob.pa\/ministerio\/wp-json\/wp\/v2\/comments?post=416"}],"version-history":[{"count":18,"href":"https:\/\/mire.gob.pa\/ministerio\/wp-json\/wp\/v2\/pages\/416\/revisions"}],"predecessor-version":[{"id":34542,"href":"https:\/\/mire.gob.pa\/ministerio\/wp-json\/wp\/v2\/pages\/416\/revisions\/34542"}],"wp:attachment":[{"href":"https:\/\/mire.gob.pa\/ministerio\/wp-json\/wp\/v2\/media?parent=416"}],"curies":[{"name":"wp","href":"https:\/\/api.w.org\/{rel}","templated":true}]}}