{"id":418,"date":"2019-10-13T20:21:22","date_gmt":"2019-10-13T20:21:22","guid":{"rendered":"https:\/\/mire.gob.pa\/ministerio\/?page_id=418"},"modified":"2024-04-12T10:21:00","modified_gmt":"2024-04-12T15:21:00","slug":"privilegios-e-inmunidades-diplomaticas","status":"publish","type":"page","link":"https:\/\/mire.gob.pa\/ministerio\/privilegios-e-inmunidades-diplomaticas\/","title":{"rendered":"Privilegios e Inmunidades Diplom\u00e1ticas"},"content":{"rendered":"<div class=\"fusion-fullwidth fullwidth-box fusion-builder-row-1 nonhundred-percent-fullwidth non-hundred-percent-height-scrolling\" style=\"--awb-border-radius-top-left:0px;--awb-border-radius-top-right:0px;--awb-border-radius-bottom-right:0px;--awb-border-radius-bottom-left:0px;--awb-flex-wrap:wrap;\" ><div class=\"fusion-builder-row fusion-row\"><div class=\"fusion-layout-column fusion_builder_column fusion-builder-column-0 fusion_builder_column_1_3 1_3 fusion-one-third fusion-column-first\" style=\"--awb-bg-size:cover;width:33.333333333333%;width:calc(33.333333333333% - ( ( 4% ) * 0.33333333333333 ) );margin-right: 4%;\"><div class=\"fusion-column-wrapper fusion-column-has-shadow fusion-flex-column-wrapper-legacy\"><div class=\"fusion-text fusion-text-1\"><p>Click para ver los formularios en linea:<\/p>\n<\/div><div class=\"fusion-image-element in-legacy-container\" style=\"--awb-caption-title-font-family:var(--h2_typography-font-family);--awb-caption-title-font-weight:var(--h2_typography-font-weight);--awb-caption-title-font-style:var(--h2_typography-font-style);--awb-caption-title-size:var(--h2_typography-font-size);--awb-caption-title-transform:var(--h2_typography-text-transform);--awb-caption-title-line-height:var(--h2_typography-line-height);--awb-caption-title-letter-spacing:var(--h2_typography-letter-spacing);\"><span class=\" fusion-imageframe imageframe-none imageframe-1 hover-type-none\"><a class=\"fusion-no-lightbox\" href=\"http:\/\/sigob.mire.gob.pa\/serviciosciudadania\" target=\"_blank\" aria-label=\"botonPrivilegios\" rel=\"noopener noreferrer\"><img decoding=\"async\" width=\"203\" height=\"85\" src=\"https:\/\/mire.gob.pa\/ministerio\/wp-content\/uploads\/2019\/11\/botonPrivilegios.jpg\" alt class=\"img-responsive wp-image-838\" srcset=\"https:\/\/mire.gob.pa\/ministerio\/wp-content\/uploads\/2019\/11\/botonPrivilegios-200x84.jpg 200w, https:\/\/mire.gob.pa\/ministerio\/wp-content\/uploads\/2019\/11\/botonPrivilegios.jpg 203w\" sizes=\"(max-width: 800px) 100vw, 203px\" \/><\/a><\/span><\/div><div class=\"accordian fusion-accordian\" style=\"--awb-border-size:1px;--awb-icon-size:13px;--awb-content-font-size:16px;--awb-icon-alignment:left;--awb-hover-color:rgba(249,249,249,0);--awb-border-color:rgba(204,204,204,0);--awb-background-color:rgba(255,255,255,0);--awb-divider-color:#e0dede;--awb-divider-hover-color:#e0dede;--awb-icon-color:#ffffff;--awb-title-color:#3083c4;--awb-content-color:#4c4c4c;--awb-icon-box-color:#333333;--awb-toggle-hover-accent-color:#00366a;--awb-title-font-family:&quot;Avenir Roman&quot;;--awb-title-font-weight:700;--awb-title-font-style:normal;--awb-content-font-family:&quot;Avenir Roman&quot;;--awb-content-font-style:normal;--awb-content-font-weight:400;\"><div class=\"panel-group fusion-toggle-icon-boxed\" id=\"accordion-418-1\"><div class=\"fusion-panel panel-default panel-74ac8ea5e37fdd2e7 fusion-toggle-has-divider\"><div class=\"panel-heading\"><h4 class=\"panel-title toggle\" id=\"toggle_74ac8ea5e37fdd2e7\"><a class=\"active\" aria-expanded=\"true\" aria-controls=\"74ac8ea5e37fdd2e7\" role=\"button\" data-toggle=\"collapse\" data-parent=\"#accordion-418-1\" data-target=\"#74ac8ea5e37fdd2e7\" href=\"#74ac8ea5e37fdd2e7\"><span class=\"fusion-toggle-icon-wrapper\" aria-hidden=\"true\"><i class=\"fa-fusion-box active-icon awb-icon-minus\" aria-hidden=\"true\"><\/i><i class=\"fa-fusion-box inactive-icon awb-icon-plus\" aria-hidden=\"true\"><\/i><\/span><span class=\"fusion-toggle-heading\">MANUALES<\/span><\/a><\/h4><\/div><div id=\"74ac8ea5e37fdd2e7\" class=\"panel-collapse collapse in\" aria-labelledby=\"toggle_74ac8ea5e37fdd2e7\"><div class=\"panel-body toggle-content fusion-clearfix\">\n<p><a href=\"https:\/\/mire.gob.pa\/ministerio\/wp-content\/uploads\/2021\/09\/Manual-privilegios-inmunidades_MD-1.pdf\">Manual privilegios inmunidades_Misiones Diplom\u00e1ticas<\/a><\/p>\n<p><a href=\"https:\/\/mire.gob.pa\/ministerio\/wp-content\/uploads\/2021\/09\/Manual-privilegios-inmunidades_MI-1.pdf\">Manual privilegios inmunidades_Misiones Internacionales<\/a><\/p>\n<\/div><\/div><\/div><div class=\"fusion-panel panel-default panel-81393c16688cab88c fusion-toggle-has-divider\" style=\"--awb-title-color:#3083c4;--awb-content-color:#4c4c4c;\"><div class=\"panel-heading\"><h4 class=\"panel-title toggle\" id=\"toggle_81393c16688cab88c\"><a aria-expanded=\"false\" aria-controls=\"81393c16688cab88c\" role=\"button\" data-toggle=\"collapse\" data-parent=\"#accordion-418-1\" data-target=\"#81393c16688cab88c\" href=\"#81393c16688cab88c\"><span class=\"fusion-toggle-icon-wrapper\" aria-hidden=\"true\"><i class=\"fa-fusion-box active-icon awb-icon-minus\" aria-hidden=\"true\"><\/i><i class=\"fa-fusion-box inactive-icon awb-icon-plus\" aria-hidden=\"true\"><\/i><\/span><span class=\"fusion-toggle-heading\">Privilegios e Inmunidades<\/span><\/a><\/h4><\/div><div id=\"81393c16688cab88c\" class=\"panel-collapse collapse \" aria-labelledby=\"toggle_81393c16688cab88c\"><div class=\"panel-body toggle-content fusion-clearfix\">\n<p><a href=\"https:\/\/mire.gob.pa\/ministerio\/privilegios-e-inmunidades-diplomaticas\/\">Acreditaci\u00f3n Diplom\u00e1tica<\/a><\/p>\n<p><a href=\"https:\/\/mire.gob.pa\/ministerio\/privilegios-e-inmunidades-diplomaticas\/\">Certificaci\u00f3n Diplom\u00e1tica<\/a><\/p>\n<\/div><\/div><\/div><div class=\"fusion-panel panel-default panel-df0aa23e701fbb5a8 fusion-toggle-has-divider\"><div class=\"panel-heading\"><h4 class=\"panel-title toggle\" id=\"toggle_df0aa23e701fbb5a8\"><a aria-expanded=\"false\" aria-controls=\"df0aa23e701fbb5a8\" role=\"button\" data-toggle=\"collapse\" data-parent=\"#accordion-418-1\" data-target=\"#df0aa23e701fbb5a8\" href=\"#df0aa23e701fbb5a8\"><span class=\"fusion-toggle-icon-wrapper\" aria-hidden=\"true\"><i class=\"fa-fusion-box active-icon awb-icon-minus\" aria-hidden=\"true\"><\/i><i class=\"fa-fusion-box inactive-icon awb-icon-plus\" aria-hidden=\"true\"><\/i><\/span><span class=\"fusion-toggle-heading\">Exoneraciones<\/span><\/a><\/h4><\/div><div id=\"df0aa23e701fbb5a8\" class=\"panel-collapse collapse \" aria-labelledby=\"toggle_df0aa23e701fbb5a8\"><div class=\"panel-body toggle-content fusion-clearfix\">\n<p><a href=\"https:\/\/mire.gob.pa\/ministerio\/exoneracion-de-arrendamiento\/\">Exoneraci\u00f3n de Arrendamiento<\/a><\/p>\n<p><a href=\"https:\/\/mire.gob.pa\/ministerio\/exoneracion-de-tasa-aeroportuaria\/\">Exoneraci\u00f3n de Tasa Aeroportuaria<\/a><\/p>\n<p><a href=\"https:\/\/mire.gob.pa\/ministerio\/exoneraciones\/\">Exoneraciones (efectos personales, art\u00edculos del hogar, veh\u00edculos, etc.)<\/a><\/p>\n<p><a href=\"https:\/\/mire.gob.pa\/ministerio\/exoneraciones-de-combustible\/\">Exoneraciones de Combustible<\/a><\/p>\n<p><a href=\"https:\/\/mire.gob.pa\/ministerio\/exoneraciones-para-nacionales\/\">Exoneraciones para Nacionales<\/a><\/p>\n<\/div><\/div><\/div><div class=\"fusion-panel panel-default panel-94826404b89fd2117 fusion-toggle-has-divider\"><div class=\"panel-heading\"><h4 class=\"panel-title toggle\" id=\"toggle_94826404b89fd2117\"><a aria-expanded=\"false\" aria-controls=\"94826404b89fd2117\" role=\"button\" data-toggle=\"collapse\" data-parent=\"#accordion-418-1\" data-target=\"#94826404b89fd2117\" href=\"#94826404b89fd2117\"><span class=\"fusion-toggle-icon-wrapper\" aria-hidden=\"true\"><i class=\"fa-fusion-box active-icon awb-icon-minus\" aria-hidden=\"true\"><\/i><i class=\"fa-fusion-box inactive-icon awb-icon-plus\" aria-hidden=\"true\"><\/i><\/span><span class=\"fusion-toggle-heading\">Carn\u00e9s<\/span><\/a><\/h4><\/div><div id=\"94826404b89fd2117\" class=\"panel-collapse collapse \" aria-labelledby=\"toggle_94826404b89fd2117\"><div class=\"panel-body toggle-content fusion-clearfix\">\n<p><a href=\"https:\/\/mire.gob.pa\/ministerio\/carne-de-identificacion-diplomatico\/\">Carn\u00e9 de Identificaci\u00f3n Diplom\u00e1tico<\/a><\/p>\n<p><a href=\"https:\/\/mire.gob.pa\/ministerio\/carne-de-exencion-de-impuesto-itbms\/\">Carn\u00e9 de Exenci\u00f3n de Impuesto ITBMS<\/a><\/p>\n<p><a href=\"https:\/\/mire.gob.pa\/ministerio\/carnet-de-empleada-domestica\/\">Carn\u00e9 de Servicio (Empleada Dom\u00e9stica)<\/a><\/p>\n<p><a href=\"https:\/\/mire.gob.pa\/ministerio\/licencia-de-conducir-diplomaticas\/\">Licencia de Conducir Diplom\u00e1ticas<\/a><\/p>\n<\/div><\/div><\/div><div class=\"fusion-panel panel-default panel-af9bae6096d282c3d fusion-toggle-has-divider\"><div class=\"panel-heading\"><h4 class=\"panel-title toggle\" id=\"toggle_af9bae6096d282c3d\"><a aria-expanded=\"false\" aria-controls=\"af9bae6096d282c3d\" role=\"button\" data-toggle=\"collapse\" data-parent=\"#accordion-418-1\" data-target=\"#af9bae6096d282c3d\" href=\"#af9bae6096d282c3d\"><span class=\"fusion-toggle-icon-wrapper\" aria-hidden=\"true\"><i class=\"fa-fusion-box active-icon awb-icon-minus\" aria-hidden=\"true\"><\/i><i class=\"fa-fusion-box inactive-icon awb-icon-plus\" aria-hidden=\"true\"><\/i><\/span><span class=\"fusion-toggle-heading\">Permisos<\/span><\/a><\/h4><\/div><div id=\"af9bae6096d282c3d\" class=\"panel-collapse collapse \" aria-labelledby=\"toggle_af9bae6096d282c3d\"><div class=\"panel-body toggle-content fusion-clearfix\">\n<p><a href=\"https:\/\/mire.gob.pa\/ministerio\/permiso-de-trabajo\/\">Permiso de Trabajo<\/a><\/p>\n<p><a href=\"https:\/\/mire.gob.pa\/ministerio\/permiso-de-venta-de-auto\/\">Permiso de Venta de Veh\u00edculos<\/a><\/p>\n<p><a href=\"https:\/\/mire.gob.pa\/ministerio\/reexportacion-de-vehiculos\/\">Re-exportaci\u00f3n de Veh\u00edculos<\/a><\/p>\n<p><a href=\"https:\/\/mire.gob.pa\/ministerio\/salida-y-entrada-de-vehiculos\/\">Salida y Entrada de Veh\u00edculos<\/a><\/p>\n<p><a href=\"https:\/\/mire.gob.pa\/ministerio\/reexportacion-de-los-efectos-personales\/\">Re-exportaci\u00f3n de los Efectos Personales<\/a><\/p>\n<\/div><\/div><\/div><div class=\"fusion-panel panel-default panel-1d8c311929af8a234 fusion-toggle-has-divider\"><div class=\"panel-heading\"><h4 class=\"panel-title toggle\" id=\"toggle_1d8c311929af8a234\"><a aria-expanded=\"false\" aria-controls=\"1d8c311929af8a234\" role=\"button\" data-toggle=\"collapse\" data-parent=\"#accordion-418-1\" data-target=\"#1d8c311929af8a234\" href=\"#1d8c311929af8a234\"><span class=\"fusion-toggle-icon-wrapper\" aria-hidden=\"true\"><i class=\"fa-fusion-box active-icon awb-icon-minus\" aria-hidden=\"true\"><\/i><i class=\"fa-fusion-box inactive-icon awb-icon-plus\" aria-hidden=\"true\"><\/i><\/span><span class=\"fusion-toggle-heading\">Casos<\/span><\/a><\/h4><\/div><div id=\"1d8c311929af8a234\" class=\"panel-collapse collapse \" aria-labelledby=\"toggle_1d8c311929af8a234\"><div class=\"panel-body toggle-content fusion-clearfix\">\n<p><a href=\"https:\/\/mire.gob.pa\/ministerio\/casos-de-colision-vehicular\/\">Casos de Colisi\u00f3n Vehicular<\/a><\/p>\n<p><a href=\"https:\/\/mire.gob.pa\/ministerio\/casos-laborales\/\">Casos Laborales<\/a><\/p>\n<\/div><\/div><\/div><\/div><\/div><div class=\"fusion-clearfix\"><\/div><\/div><\/div><div class=\"fusion-layout-column fusion_builder_column fusion-builder-column-1 fusion_builder_column_2_3 2_3 fusion-two-third fusion-column-last\" style=\"--awb-bg-size:cover;width:66.666666666667%;width:calc(66.666666666667% - ( ( 4% ) * 0.66666666666667 ) );\"><div class=\"fusion-column-wrapper fusion-column-has-shadow fusion-flex-column-wrapper-legacy\"><div class=\"fusion-text fusion-text-2\"><h2>Acreditaci\u00f3n Diplom\u00e1tica<\/h2>\n<p>Otorgamiento de la Acreditaci\u00f3n Diplom\u00e1tica.<\/p>\n<h5>Requisitos:<\/h5>\n<h5><strong>Extranjero<\/strong><\/h5>\n<p>Nota de la Embajada, dirigida al Departamento de Privilegios e Inmunidades Diplom\u00e1ticas, que informe la llegada del funcionario.<\/p>\n<\/div><div class=\"fusion-text fusion-text-3\"><h1>Certificaci\u00f3n Diplom\u00e1tica<\/h1>\n<h2>Requisitos:<\/h2>\n<h5>Nota de la Embajada, dirigida al Departamento de Privilegios e Inmunidades Diplom\u00e1ticas solicitando la certificaci\u00f3n.<\/h5>\n<\/div><div class=\"fusion-clearfix\"><\/div><\/div><\/div><\/div><\/div>\n","protected":false},"excerpt":{"rendered":"","protected":false},"author":1,"featured_media":0,"parent":0,"menu_order":0,"comment_status":"closed","ping_status":"closed","template":"","meta":{"footnotes":""},"class_list":["post-418","page","type-page","status-publish","hentry"],"_links":{"self":[{"href":"https:\/\/mire.gob.pa\/ministerio\/wp-json\/wp\/v2\/pages\/418","targetHints":{"allow":["GET"]}}],"collection":[{"href":"https:\/\/mire.gob.pa\/ministerio\/wp-json\/wp\/v2\/pages"}],"about":[{"href":"https:\/\/mire.gob.pa\/ministerio\/wp-json\/wp\/v2\/types\/page"}],"author":[{"embeddable":true,"href":"https:\/\/mire.gob.pa\/ministerio\/wp-json\/wp\/v2\/users\/1"}],"replies":[{"embeddable":true,"href":"https:\/\/mire.gob.pa\/ministerio\/wp-json\/wp\/v2\/comments?post=418"}],"version-history":[{"count":11,"href":"https:\/\/mire.gob.pa\/ministerio\/wp-json\/wp\/v2\/pages\/418\/revisions"}],"predecessor-version":[{"id":29893,"href":"https:\/\/mire.gob.pa\/ministerio\/wp-json\/wp\/v2\/pages\/418\/revisions\/29893"}],"wp:attachment":[{"href":"https:\/\/mire.gob.pa\/ministerio\/wp-json\/wp\/v2\/media?parent=418"}],"curies":[{"name":"wp","href":"https:\/\/api.w.org\/{rel}","templated":true}]}}