{"id":434,"date":"2019-10-13T20:33:19","date_gmt":"2019-10-13T20:33:19","guid":{"rendered":"https:\/\/mire.gob.pa\/ministerio\/?page_id=434"},"modified":"2019-10-15T17:56:34","modified_gmt":"2019-10-15T17:56:34","slug":"exoneraciones-para-nacionales","status":"publish","type":"page","link":"https:\/\/mire.gob.pa\/ministerio\/exoneraciones-para-nacionales\/","title":{"rendered":"Exoneraciones para Nacionales"},"content":{"rendered":"<div class=\"fusion-fullwidth fullwidth-box fusion-builder-row-1 nonhundred-percent-fullwidth non-hundred-percent-height-scrolling\" style=\"--awb-border-radius-top-left:0px;--awb-border-radius-top-right:0px;--awb-border-radius-bottom-right:0px;--awb-border-radius-bottom-left:0px;--awb-flex-wrap:wrap;\" ><div class=\"fusion-builder-row fusion-row\"><div class=\"fusion-layout-column fusion_builder_column fusion-builder-column-0 fusion_builder_column_1_3 1_3 fusion-one-third fusion-column-first\" style=\"--awb-bg-size:cover;width:33.333333333333%;width:calc(33.333333333333% - ( ( 4% ) * 0.33333333333333 ) );margin-right: 4%;\"><div class=\"fusion-column-wrapper fusion-column-has-shadow fusion-flex-column-wrapper-legacy\"><div class=\"accordian fusion-accordian\" style=\"--awb-border-size:1px;--awb-icon-size:13px;--awb-content-font-size:16px;--awb-icon-alignment:left;--awb-hover-color:rgba(249,249,249,0);--awb-border-color:rgba(204,204,204,0);--awb-background-color:rgba(255,255,255,0);--awb-divider-color:#e0dede;--awb-divider-hover-color:#e0dede;--awb-icon-color:#ffffff;--awb-title-color:#3083c4;--awb-content-color:#4c4c4c;--awb-icon-box-color:#333333;--awb-toggle-hover-accent-color:#00366a;--awb-title-font-family:&quot;Avenir Roman&quot;;--awb-title-font-weight:700;--awb-title-font-style:normal;--awb-content-font-family:&quot;Avenir Roman&quot;;--awb-content-font-style:normal;--awb-content-font-weight:400;\"><div class=\"panel-group fusion-toggle-icon-boxed\" id=\"accordion-434-1\"><div class=\"fusion-panel panel-default panel-f64d270eb29b99053 fusion-toggle-has-divider\"><div class=\"panel-heading\"><h4 class=\"panel-title toggle\" id=\"toggle_f64d270eb29b99053\"><a aria-expanded=\"false\" aria-controls=\"f64d270eb29b99053\" role=\"button\" data-toggle=\"collapse\" data-parent=\"#accordion-434-1\" data-target=\"#f64d270eb29b99053\" href=\"#f64d270eb29b99053\"><span class=\"fusion-toggle-icon-wrapper\" aria-hidden=\"true\"><i class=\"fa-fusion-box active-icon awb-icon-minus\" aria-hidden=\"true\"><\/i><i class=\"fa-fusion-box inactive-icon awb-icon-plus\" aria-hidden=\"true\"><\/i><\/span><span class=\"fusion-toggle-heading\">Formularios de Privilegios En-Linea<\/span><\/a><\/h4><\/div><div id=\"f64d270eb29b99053\" class=\"panel-collapse collapse \" aria-labelledby=\"toggle_f64d270eb29b99053\"><div class=\"panel-body toggle-content fusion-clearfix\">\n<p><a href=\"http:\/\/sigob.mire.gob.pa\/serviciosciudadania\">Formulario servicios ciudadania<\/a><\/p>\n<\/div><\/div><\/div><div class=\"fusion-panel panel-default panel-49fdd08c748cc625a fusion-toggle-has-divider\"><div class=\"panel-heading\"><h4 class=\"panel-title toggle\" id=\"toggle_49fdd08c748cc625a\"><a aria-expanded=\"false\" aria-controls=\"49fdd08c748cc625a\" role=\"button\" data-toggle=\"collapse\" data-parent=\"#accordion-434-1\" data-target=\"#49fdd08c748cc625a\" href=\"#49fdd08c748cc625a\"><span class=\"fusion-toggle-icon-wrapper\" aria-hidden=\"true\"><i class=\"fa-fusion-box active-icon awb-icon-minus\" aria-hidden=\"true\"><\/i><i class=\"fa-fusion-box inactive-icon awb-icon-plus\" aria-hidden=\"true\"><\/i><\/span><span class=\"fusion-toggle-heading\">Privilegios e Inmunidades<\/span><\/a><\/h4><\/div><div id=\"49fdd08c748cc625a\" class=\"panel-collapse collapse \" aria-labelledby=\"toggle_49fdd08c748cc625a\"><div class=\"panel-body toggle-content fusion-clearfix\">\n<p><a href=\"https:\/\/mire.gob.pa\/ministerio\/privilegios-e-inmunidades-diplomaticas\/\">Acreditaci\u00f3n Diplom\u00e1tica<\/a><\/p>\n<p><a href=\"https:\/\/mire.gob.pa\/ministerio\/certificacion-diplomatica\/\">Certificaci\u00f3n Diplom\u00e1tica<\/a><\/p>\n<p><a href=\"https:\/\/mire.gob.pa\/ministerio\/visa-diplomatica\/\">Visa Diplom\u00e1tica<\/a><\/p>\n<p><a href=\"https:\/\/mire.gob.pa\/ministerio\/placa-diplomatica\/\">Placa Diplom\u00e1tica<\/a><\/p>\n<\/div><\/div><\/div><div class=\"fusion-panel panel-default panel-59f6d3ae9d07c7c4c fusion-toggle-has-divider\"><div class=\"panel-heading\"><h4 class=\"panel-title toggle\" id=\"toggle_59f6d3ae9d07c7c4c\"><a class=\"active\" aria-expanded=\"true\" aria-controls=\"59f6d3ae9d07c7c4c\" role=\"button\" data-toggle=\"collapse\" data-parent=\"#accordion-434-1\" data-target=\"#59f6d3ae9d07c7c4c\" href=\"#59f6d3ae9d07c7c4c\"><span class=\"fusion-toggle-icon-wrapper\" aria-hidden=\"true\"><i class=\"fa-fusion-box active-icon awb-icon-minus\" aria-hidden=\"true\"><\/i><i class=\"fa-fusion-box inactive-icon awb-icon-plus\" aria-hidden=\"true\"><\/i><\/span><span class=\"fusion-toggle-heading\">Exoneraciones<\/span><\/a><\/h4><\/div><div id=\"59f6d3ae9d07c7c4c\" class=\"panel-collapse collapse in\" aria-labelledby=\"toggle_59f6d3ae9d07c7c4c\"><div class=\"panel-body toggle-content fusion-clearfix\">\n<p><a href=\"https:\/\/mire.gob.pa\/ministerio\/exoneracion-de-arrendamiento\/\">Exoneraci\u00f3n de Arrendamiento<\/a><\/p>\n<p><a href=\"https:\/\/mire.gob.pa\/ministerio\/exoneracion-de-tasa-aeroportuaria\/\">Exoneraci\u00f3n de Tasa Aeroportuaria<\/a><\/p>\n<p><a href=\"https:\/\/mire.gob.pa\/ministerio\/exoneraciones\/\">Exoneraciones (efectos personales, art\u00edculos del hogar, veh\u00edculos, etc.)<\/a><\/p>\n<p><a href=\"https:\/\/mire.gob.pa\/ministerio\/exoneraciones-de-combustible\/\">Exoneraciones de Combustible<\/a><\/p>\n<p><a href=\"https:\/\/mire.gob.pa\/ministerio\/exoneraciones-para-nacionales\/\">Exoneraciones para Nacionales<\/a><\/p>\n<\/div><\/div><\/div><div class=\"fusion-panel panel-default panel-4029691ace5ac6f9c fusion-toggle-has-divider\"><div class=\"panel-heading\"><h4 class=\"panel-title toggle\" id=\"toggle_4029691ace5ac6f9c\"><a aria-expanded=\"false\" aria-controls=\"4029691ace5ac6f9c\" role=\"button\" data-toggle=\"collapse\" data-parent=\"#accordion-434-1\" data-target=\"#4029691ace5ac6f9c\" href=\"#4029691ace5ac6f9c\"><span class=\"fusion-toggle-icon-wrapper\" aria-hidden=\"true\"><i class=\"fa-fusion-box active-icon awb-icon-minus\" aria-hidden=\"true\"><\/i><i class=\"fa-fusion-box inactive-icon awb-icon-plus\" aria-hidden=\"true\"><\/i><\/span><span class=\"fusion-toggle-heading\">Carn\u00e9s<\/span><\/a><\/h4><\/div><div id=\"4029691ace5ac6f9c\" class=\"panel-collapse collapse \" aria-labelledby=\"toggle_4029691ace5ac6f9c\"><div class=\"panel-body toggle-content fusion-clearfix\">\n<p><a href=\"https:\/\/mire.gob.pa\/ministerio\/carne-de-identificacion-diplomatico\/\">Carn\u00e9 de Identificaci\u00f3n Diplom\u00e1tico<\/a><\/p>\n<p><a href=\"https:\/\/mire.gob.pa\/ministerio\/carne-de-exencion-de-impuesto-itbms\/\">Carn\u00e9 de Exenci\u00f3n de Impuesto ITBMS<\/a><\/p>\n<p><a href=\"https:\/\/mire.gob.pa\/ministerio\/carnet-de-empleada-domestica\/\">Carn\u00e9 de Servicio (Empleada Dom\u00e9stica)<\/a><\/p>\n<p><a href=\"https:\/\/mire.gob.pa\/ministerio\/licencia-de-conducir-diplomaticas\/\">Licencia de Conducir Diplom\u00e1ticas<\/a><\/p>\n<\/div><\/div><\/div><div class=\"fusion-panel panel-default panel-427337399a62c36ff fusion-toggle-has-divider\"><div class=\"panel-heading\"><h4 class=\"panel-title toggle\" id=\"toggle_427337399a62c36ff\"><a aria-expanded=\"false\" aria-controls=\"427337399a62c36ff\" role=\"button\" data-toggle=\"collapse\" data-parent=\"#accordion-434-1\" data-target=\"#427337399a62c36ff\" href=\"#427337399a62c36ff\"><span class=\"fusion-toggle-icon-wrapper\" aria-hidden=\"true\"><i class=\"fa-fusion-box active-icon awb-icon-minus\" aria-hidden=\"true\"><\/i><i class=\"fa-fusion-box inactive-icon awb-icon-plus\" aria-hidden=\"true\"><\/i><\/span><span class=\"fusion-toggle-heading\">Permisos<\/span><\/a><\/h4><\/div><div id=\"427337399a62c36ff\" class=\"panel-collapse collapse \" aria-labelledby=\"toggle_427337399a62c36ff\"><div class=\"panel-body toggle-content fusion-clearfix\">\n<p><a href=\"https:\/\/mire.gob.pa\/ministerio\/permiso-de-trabajo\/\">Permiso de Trabajo<\/a><\/p>\n<p><a href=\"https:\/\/mire.gob.pa\/ministerio\/permiso-de-venta-de-auto\/\">Permiso de Venta de Veh\u00edculos<\/a><\/p>\n<p><a href=\"https:\/\/mire.gob.pa\/ministerio\/reexportacion-de-vehiculos\/\">Re-exportaci\u00f3n de Veh\u00edculos<\/a><\/p>\n<p><a href=\"https:\/\/mire.gob.pa\/ministerio\/salida-y-entrada-de-vehiculos\/\">Salida y Entrada de Veh\u00edculos<\/a><\/p>\n<p><a href=\"https:\/\/mire.gob.pa\/ministerio\/reexportacion-de-los-efectos-personales\/\">Re-exportaci\u00f3n de los Efectos Personales<\/a><\/p>\n<\/div><\/div><\/div><div class=\"fusion-panel panel-default panel-8db0a94d4513cfd48 fusion-toggle-has-divider\"><div class=\"panel-heading\"><h4 class=\"panel-title toggle\" id=\"toggle_8db0a94d4513cfd48\"><a aria-expanded=\"false\" aria-controls=\"8db0a94d4513cfd48\" role=\"button\" data-toggle=\"collapse\" data-parent=\"#accordion-434-1\" data-target=\"#8db0a94d4513cfd48\" href=\"#8db0a94d4513cfd48\"><span class=\"fusion-toggle-icon-wrapper\" aria-hidden=\"true\"><i class=\"fa-fusion-box active-icon awb-icon-minus\" aria-hidden=\"true\"><\/i><i class=\"fa-fusion-box inactive-icon awb-icon-plus\" aria-hidden=\"true\"><\/i><\/span><span class=\"fusion-toggle-heading\">Casos<\/span><\/a><\/h4><\/div><div id=\"8db0a94d4513cfd48\" class=\"panel-collapse collapse \" aria-labelledby=\"toggle_8db0a94d4513cfd48\"><div class=\"panel-body toggle-content fusion-clearfix\">\n<p><a href=\"https:\/\/mire.gob.pa\/ministerio\/casos-de-colision-vehicular\/\">Casos de Colisi\u00f3n Vehicular<\/a><\/p>\n<p><a href=\"https:\/\/mire.gob.pa\/ministerio\/casos-laborales\/\">Casos Laborales<\/a><\/p>\n<\/div><\/div><\/div><\/div><\/div><div class=\"fusion-clearfix\"><\/div><\/div><\/div><div class=\"fusion-layout-column fusion_builder_column fusion-builder-column-1 fusion_builder_column_2_3 2_3 fusion-two-third fusion-column-last\" style=\"--awb-bg-size:cover;width:66.666666666667%;width:calc(66.666666666667% - ( ( 4% ) * 0.66666666666667 ) );\"><div class=\"fusion-column-wrapper fusion-column-has-shadow fusion-flex-column-wrapper-legacy\"><div class=\"fusion-text fusion-text-1\"><h3>Descripci\u00f3n:<\/h3>\n<p>Los miembros del Servicio Exterior paname\u00f1o al terminar su misi\u00f3n y ser trasladados a Panam\u00e1, pueden introducir su menaje de casa y\/o un (1) autom\u00f3vil sin pagar la Tarifa Arancelaria que calcula la Autoridad Nacional de aduanas. Esta prerrogativa solo es aplicable al personal que hubiese permanecido en el exterior un m\u00ednimo de 2 a\u00f1os consecutivos.<\/p>\n<h3>Requisitos:<\/h3>\n<ul>\n<li>Nota dirigida a la Direcci\u00f3n General de Protocolo y Ceremonial del Estada solicitando la introducci\u00f3n de sus menajes de casa y autom\u00f3vil<\/li>\n<li>Certificaci\u00f3n de Recursos Humanos donde informe comienzo y termino de misi\u00f3n.<\/li>\n<\/ul>\n<\/div><div class=\"fusion-clearfix\"><\/div><\/div><\/div><\/div><\/div>\n","protected":false},"excerpt":{"rendered":"","protected":false},"author":1,"featured_media":0,"parent":0,"menu_order":0,"comment_status":"closed","ping_status":"closed","template":"","meta":{"footnotes":""},"class_list":["post-434","page","type-page","status-publish","hentry"],"_links":{"self":[{"href":"https:\/\/mire.gob.pa\/ministerio\/wp-json\/wp\/v2\/pages\/434","targetHints":{"allow":["GET"]}}],"collection":[{"href":"https:\/\/mire.gob.pa\/ministerio\/wp-json\/wp\/v2\/pages"}],"about":[{"href":"https:\/\/mire.gob.pa\/ministerio\/wp-json\/wp\/v2\/types\/page"}],"author":[{"embeddable":true,"href":"https:\/\/mire.gob.pa\/ministerio\/wp-json\/wp\/v2\/users\/1"}],"replies":[{"embeddable":true,"href":"https:\/\/mire.gob.pa\/ministerio\/wp-json\/wp\/v2\/comments?post=434"}],"version-history":[{"count":2,"href":"https:\/\/mire.gob.pa\/ministerio\/wp-json\/wp\/v2\/pages\/434\/revisions"}],"predecessor-version":[{"id":568,"href":"https:\/\/mire.gob.pa\/ministerio\/wp-json\/wp\/v2\/pages\/434\/revisions\/568"}],"wp:attachment":[{"href":"https:\/\/mire.gob.pa\/ministerio\/wp-json\/wp\/v2\/media?parent=434"}],"curies":[{"name":"wp","href":"https:\/\/api.w.org\/{rel}","templated":true}]}}