{"id":444,"date":"2019-10-13T20:42:17","date_gmt":"2019-10-13T20:42:17","guid":{"rendered":"https:\/\/mire.gob.pa\/ministerio\/?page_id=444"},"modified":"2019-10-15T18:05:05","modified_gmt":"2019-10-15T18:05:05","slug":"permiso-de-trabajo","status":"publish","type":"page","link":"https:\/\/mire.gob.pa\/ministerio\/permiso-de-trabajo\/","title":{"rendered":"Permiso de Trabajo"},"content":{"rendered":"<div class=\"fusion-fullwidth fullwidth-box fusion-builder-row-1 nonhundred-percent-fullwidth non-hundred-percent-height-scrolling\" style=\"--awb-border-radius-top-left:0px;--awb-border-radius-top-right:0px;--awb-border-radius-bottom-right:0px;--awb-border-radius-bottom-left:0px;--awb-flex-wrap:wrap;\" ><div class=\"fusion-builder-row fusion-row\"><div class=\"fusion-layout-column fusion_builder_column fusion-builder-column-0 fusion_builder_column_1_3 1_3 fusion-one-third fusion-column-first\" style=\"--awb-bg-size:cover;width:33.333333333333%;width:calc(33.333333333333% - ( ( 4% ) * 0.33333333333333 ) );margin-right: 4%;\"><div class=\"fusion-column-wrapper fusion-column-has-shadow fusion-flex-column-wrapper-legacy\"><div class=\"accordian fusion-accordian\" style=\"--awb-border-size:1px;--awb-icon-size:13px;--awb-content-font-size:16px;--awb-icon-alignment:left;--awb-hover-color:rgba(249,249,249,0);--awb-border-color:rgba(204,204,204,0);--awb-background-color:rgba(255,255,255,0);--awb-divider-color:#e0dede;--awb-divider-hover-color:#e0dede;--awb-icon-color:#ffffff;--awb-title-color:#3083c4;--awb-content-color:#4c4c4c;--awb-icon-box-color:#333333;--awb-toggle-hover-accent-color:#00366a;--awb-title-font-family:&quot;Avenir Roman&quot;;--awb-title-font-weight:700;--awb-title-font-style:normal;--awb-content-font-family:&quot;Avenir Roman&quot;;--awb-content-font-style:normal;--awb-content-font-weight:400;\"><div class=\"panel-group fusion-toggle-icon-boxed\" id=\"accordion-444-1\"><div class=\"fusion-panel panel-default panel-8f3c3f2ff511b089f fusion-toggle-has-divider\"><div class=\"panel-heading\"><h4 class=\"panel-title toggle\" id=\"toggle_8f3c3f2ff511b089f\"><a aria-expanded=\"false\" aria-controls=\"8f3c3f2ff511b089f\" role=\"button\" data-toggle=\"collapse\" data-parent=\"#accordion-444-1\" data-target=\"#8f3c3f2ff511b089f\" href=\"#8f3c3f2ff511b089f\"><span class=\"fusion-toggle-icon-wrapper\" aria-hidden=\"true\"><i class=\"fa-fusion-box active-icon awb-icon-minus\" aria-hidden=\"true\"><\/i><i class=\"fa-fusion-box inactive-icon awb-icon-plus\" aria-hidden=\"true\"><\/i><\/span><span class=\"fusion-toggle-heading\">Formularios de Privilegios En-Linea<\/span><\/a><\/h4><\/div><div id=\"8f3c3f2ff511b089f\" class=\"panel-collapse collapse \" aria-labelledby=\"toggle_8f3c3f2ff511b089f\"><div class=\"panel-body toggle-content fusion-clearfix\">\n<p><a href=\"http:\/\/sigob.mire.gob.pa\/serviciosciudadania\">Formulario servicios ciudadania<\/a><\/p>\n<\/div><\/div><\/div><div class=\"fusion-panel panel-default panel-c29c7f29443881601 fusion-toggle-has-divider\"><div class=\"panel-heading\"><h4 class=\"panel-title toggle\" id=\"toggle_c29c7f29443881601\"><a aria-expanded=\"false\" aria-controls=\"c29c7f29443881601\" role=\"button\" data-toggle=\"collapse\" data-parent=\"#accordion-444-1\" data-target=\"#c29c7f29443881601\" href=\"#c29c7f29443881601\"><span class=\"fusion-toggle-icon-wrapper\" aria-hidden=\"true\"><i class=\"fa-fusion-box active-icon awb-icon-minus\" aria-hidden=\"true\"><\/i><i class=\"fa-fusion-box inactive-icon awb-icon-plus\" aria-hidden=\"true\"><\/i><\/span><span class=\"fusion-toggle-heading\">Privilegios e Inmunidades<\/span><\/a><\/h4><\/div><div id=\"c29c7f29443881601\" class=\"panel-collapse collapse \" aria-labelledby=\"toggle_c29c7f29443881601\"><div class=\"panel-body toggle-content fusion-clearfix\">\n<p><a href=\"https:\/\/mire.gob.pa\/ministerio\/privilegios-e-inmunidades-diplomaticas\/\">Acreditaci\u00f3n Diplom\u00e1tica<\/a><\/p>\n<p><a href=\"https:\/\/mire.gob.pa\/ministerio\/certificacion-diplomatica\/\">Certificaci\u00f3n Diplom\u00e1tica<\/a><\/p>\n<p><a href=\"https:\/\/mire.gob.pa\/ministerio\/visa-diplomatica\/\">Visa Diplom\u00e1tica<\/a><\/p>\n<p><a href=\"https:\/\/mire.gob.pa\/ministerio\/placa-diplomatica\/\">Placa Diplom\u00e1tica<\/a><\/p>\n<\/div><\/div><\/div><div class=\"fusion-panel panel-default panel-13628bd65596a9d5d fusion-toggle-has-divider\"><div class=\"panel-heading\"><h4 class=\"panel-title toggle\" id=\"toggle_13628bd65596a9d5d\"><a aria-expanded=\"false\" aria-controls=\"13628bd65596a9d5d\" role=\"button\" data-toggle=\"collapse\" data-parent=\"#accordion-444-1\" data-target=\"#13628bd65596a9d5d\" href=\"#13628bd65596a9d5d\"><span class=\"fusion-toggle-icon-wrapper\" aria-hidden=\"true\"><i class=\"fa-fusion-box active-icon awb-icon-minus\" aria-hidden=\"true\"><\/i><i class=\"fa-fusion-box inactive-icon awb-icon-plus\" aria-hidden=\"true\"><\/i><\/span><span class=\"fusion-toggle-heading\">Exoneraciones<\/span><\/a><\/h4><\/div><div id=\"13628bd65596a9d5d\" class=\"panel-collapse collapse \" aria-labelledby=\"toggle_13628bd65596a9d5d\"><div class=\"panel-body toggle-content fusion-clearfix\">\n<p><a href=\"https:\/\/mire.gob.pa\/ministerio\/exoneracion-de-arrendamiento\/\">Exoneraci\u00f3n de Arrendamiento<\/a><\/p>\n<p><a href=\"https:\/\/mire.gob.pa\/ministerio\/exoneracion-de-tasa-aeroportuaria\/\">Exoneraci\u00f3n de Tasa Aeroportuaria<\/a><\/p>\n<p><a href=\"https:\/\/mire.gob.pa\/ministerio\/exoneraciones\/\">Exoneraciones (efectos personales, art\u00edculos del hogar, veh\u00edculos, etc.)<\/a><\/p>\n<p><a href=\"https:\/\/mire.gob.pa\/ministerio\/exoneraciones-de-combustible\/\">Exoneraciones de Combustible<\/a><\/p>\n<p><a href=\"https:\/\/mire.gob.pa\/ministerio\/exoneraciones-para-nacionales\/\">Exoneraciones para Nacionales<\/a><\/p>\n<\/div><\/div><\/div><div class=\"fusion-panel panel-default panel-1a24b995d97bcedb3 fusion-toggle-has-divider\"><div class=\"panel-heading\"><h4 class=\"panel-title toggle\" id=\"toggle_1a24b995d97bcedb3\"><a aria-expanded=\"false\" aria-controls=\"1a24b995d97bcedb3\" role=\"button\" data-toggle=\"collapse\" data-parent=\"#accordion-444-1\" data-target=\"#1a24b995d97bcedb3\" href=\"#1a24b995d97bcedb3\"><span class=\"fusion-toggle-icon-wrapper\" aria-hidden=\"true\"><i class=\"fa-fusion-box active-icon awb-icon-minus\" aria-hidden=\"true\"><\/i><i class=\"fa-fusion-box inactive-icon awb-icon-plus\" aria-hidden=\"true\"><\/i><\/span><span class=\"fusion-toggle-heading\">Carn\u00e9s<\/span><\/a><\/h4><\/div><div id=\"1a24b995d97bcedb3\" class=\"panel-collapse collapse \" aria-labelledby=\"toggle_1a24b995d97bcedb3\"><div class=\"panel-body toggle-content fusion-clearfix\">\n<p><a href=\"https:\/\/mire.gob.pa\/ministerio\/carne-de-identificacion-diplomatico\/\">Carn\u00e9 de Identificaci\u00f3n Diplom\u00e1tico<\/a><\/p>\n<p><a href=\"https:\/\/mire.gob.pa\/ministerio\/carne-de-exencion-de-impuesto-itbms\/\">Carn\u00e9 de Exenci\u00f3n de Impuesto ITBMS<\/a><\/p>\n<p><a href=\"https:\/\/mire.gob.pa\/ministerio\/carnet-de-empleada-domestica\/\">Carn\u00e9 de Servicio (Empleada Dom\u00e9stica)<\/a><\/p>\n<p><a href=\"https:\/\/mire.gob.pa\/ministerio\/licencia-de-conducir-diplomaticas\/\">Licencia de Conducir Diplom\u00e1ticas<\/a><\/p>\n<\/div><\/div><\/div><div class=\"fusion-panel panel-default panel-810a775b0231719a3 fusion-toggle-has-divider\"><div class=\"panel-heading\"><h4 class=\"panel-title toggle\" id=\"toggle_810a775b0231719a3\"><a class=\"active\" aria-expanded=\"true\" aria-controls=\"810a775b0231719a3\" role=\"button\" data-toggle=\"collapse\" data-parent=\"#accordion-444-1\" data-target=\"#810a775b0231719a3\" href=\"#810a775b0231719a3\"><span class=\"fusion-toggle-icon-wrapper\" aria-hidden=\"true\"><i class=\"fa-fusion-box active-icon awb-icon-minus\" aria-hidden=\"true\"><\/i><i class=\"fa-fusion-box inactive-icon awb-icon-plus\" aria-hidden=\"true\"><\/i><\/span><span class=\"fusion-toggle-heading\">Permisos<\/span><\/a><\/h4><\/div><div id=\"810a775b0231719a3\" class=\"panel-collapse collapse in\" aria-labelledby=\"toggle_810a775b0231719a3\"><div class=\"panel-body toggle-content fusion-clearfix\">\n<p><a href=\"https:\/\/mire.gob.pa\/ministerio\/permiso-de-trabajo\/\">Permiso de Trabajo<\/a><\/p>\n<p><a href=\"https:\/\/mire.gob.pa\/ministerio\/permiso-de-venta-de-auto\/\">Permiso de Venta de Veh\u00edculos<\/a><\/p>\n<p><a href=\"https:\/\/mire.gob.pa\/ministerio\/reexportacion-de-vehiculos\/\">Re-exportaci\u00f3n de Veh\u00edculos<\/a><\/p>\n<p><a href=\"https:\/\/mire.gob.pa\/ministerio\/salida-y-entrada-de-vehiculos\/\">Salida y Entrada de Veh\u00edculos<\/a><\/p>\n<p><a href=\"https:\/\/mire.gob.pa\/ministerio\/reexportacion-de-los-efectos-personales\/\">Re-exportaci\u00f3n de los Efectos Personales<\/a><\/p>\n<\/div><\/div><\/div><div class=\"fusion-panel panel-default panel-e472516b91a034b65 fusion-toggle-has-divider\"><div class=\"panel-heading\"><h4 class=\"panel-title toggle\" id=\"toggle_e472516b91a034b65\"><a aria-expanded=\"false\" aria-controls=\"e472516b91a034b65\" role=\"button\" data-toggle=\"collapse\" data-parent=\"#accordion-444-1\" data-target=\"#e472516b91a034b65\" href=\"#e472516b91a034b65\"><span class=\"fusion-toggle-icon-wrapper\" aria-hidden=\"true\"><i class=\"fa-fusion-box active-icon awb-icon-minus\" aria-hidden=\"true\"><\/i><i class=\"fa-fusion-box inactive-icon awb-icon-plus\" aria-hidden=\"true\"><\/i><\/span><span class=\"fusion-toggle-heading\">Casos<\/span><\/a><\/h4><\/div><div id=\"e472516b91a034b65\" class=\"panel-collapse collapse \" aria-labelledby=\"toggle_e472516b91a034b65\"><div class=\"panel-body toggle-content fusion-clearfix\">\n<p><a href=\"https:\/\/mire.gob.pa\/ministerio\/casos-de-colision-vehicular\/\">Casos de Colisi\u00f3n Vehicular<\/a><\/p>\n<p><a href=\"https:\/\/mire.gob.pa\/ministerio\/casos-laborales\/\">Casos Laborales<\/a><\/p>\n<\/div><\/div><\/div><\/div><\/div><div class=\"fusion-clearfix\"><\/div><\/div><\/div><div class=\"fusion-layout-column fusion_builder_column fusion-builder-column-1 fusion_builder_column_2_3 2_3 fusion-two-third fusion-column-last\" style=\"--awb-bg-size:cover;width:66.666666666667%;width:calc(66.666666666667% - ( ( 4% ) * 0.66666666666667 ) );\"><div class=\"fusion-column-wrapper fusion-column-has-shadow fusion-flex-column-wrapper-legacy\"><div class=\"fusion-text fusion-text-1\"><h2>Requisitos:<\/h2>\n<h2><strong>Particular<br \/>\n<\/strong><\/h2>\n<ul>\n<li>2 (dos) fotos tama\u00f1o carn\u00e9<\/li>\n<li>Nota de la Embajada, dirigida al Departamento de Privilegios e Inmunidades Diplom\u00e1ticas<\/li>\n<li>Carn\u00e9 de Identificaci\u00f3n Diplom\u00e1tico<\/li>\n<li>Copia de Visa<\/li>\n<\/ul>\n<\/div><div class=\"fusion-clearfix\"><\/div><\/div><\/div><\/div><\/div>\n","protected":false},"excerpt":{"rendered":"","protected":false},"author":1,"featured_media":0,"parent":0,"menu_order":0,"comment_status":"closed","ping_status":"closed","template":"","meta":{"footnotes":""},"class_list":["post-444","page","type-page","status-publish","hentry"],"_links":{"self":[{"href":"https:\/\/mire.gob.pa\/ministerio\/wp-json\/wp\/v2\/pages\/444","targetHints":{"allow":["GET"]}}],"collection":[{"href":"https:\/\/mire.gob.pa\/ministerio\/wp-json\/wp\/v2\/pages"}],"about":[{"href":"https:\/\/mire.gob.pa\/ministerio\/wp-json\/wp\/v2\/types\/page"}],"author":[{"embeddable":true,"href":"https:\/\/mire.gob.pa\/ministerio\/wp-json\/wp\/v2\/users\/1"}],"replies":[{"embeddable":true,"href":"https:\/\/mire.gob.pa\/ministerio\/wp-json\/wp\/v2\/comments?post=444"}],"version-history":[{"count":2,"href":"https:\/\/mire.gob.pa\/ministerio\/wp-json\/wp\/v2\/pages\/444\/revisions"}],"predecessor-version":[{"id":574,"href":"https:\/\/mire.gob.pa\/ministerio\/wp-json\/wp\/v2\/pages\/444\/revisions\/574"}],"wp:attachment":[{"href":"https:\/\/mire.gob.pa\/ministerio\/wp-json\/wp\/v2\/media?parent=444"}],"curies":[{"name":"wp","href":"https:\/\/api.w.org\/{rel}","templated":true}]}}