{"id":451,"date":"2019-10-13T20:47:35","date_gmt":"2019-10-13T20:47:35","guid":{"rendered":"https:\/\/mire.gob.pa\/ministerio\/?page_id=451"},"modified":"2019-10-15T18:07:13","modified_gmt":"2019-10-15T18:07:13","slug":"salida-y-entrada-de-vehiculos","status":"publish","type":"page","link":"https:\/\/mire.gob.pa\/ministerio\/salida-y-entrada-de-vehiculos\/","title":{"rendered":"Salida y Entrada de Veh\u00edculos"},"content":{"rendered":"<div class=\"fusion-fullwidth fullwidth-box fusion-builder-row-1 nonhundred-percent-fullwidth non-hundred-percent-height-scrolling\" style=\"--awb-border-radius-top-left:0px;--awb-border-radius-top-right:0px;--awb-border-radius-bottom-right:0px;--awb-border-radius-bottom-left:0px;--awb-flex-wrap:wrap;\" ><div class=\"fusion-builder-row fusion-row\"><div class=\"fusion-layout-column fusion_builder_column fusion-builder-column-0 fusion_builder_column_1_3 1_3 fusion-one-third fusion-column-first\" style=\"--awb-bg-size:cover;width:33.333333333333%;width:calc(33.333333333333% - ( ( 4% ) * 0.33333333333333 ) );margin-right: 4%;\"><div class=\"fusion-column-wrapper fusion-column-has-shadow fusion-flex-column-wrapper-legacy\"><div class=\"accordian fusion-accordian\" style=\"--awb-border-size:1px;--awb-icon-size:13px;--awb-content-font-size:16px;--awb-icon-alignment:left;--awb-hover-color:rgba(249,249,249,0);--awb-border-color:rgba(204,204,204,0);--awb-background-color:rgba(255,255,255,0);--awb-divider-color:#e0dede;--awb-divider-hover-color:#e0dede;--awb-icon-color:#ffffff;--awb-title-color:#3083c4;--awb-content-color:#4c4c4c;--awb-icon-box-color:#333333;--awb-toggle-hover-accent-color:#00366a;--awb-title-font-family:&quot;Avenir Roman&quot;;--awb-title-font-weight:700;--awb-title-font-style:normal;--awb-content-font-family:&quot;Avenir Roman&quot;;--awb-content-font-style:normal;--awb-content-font-weight:400;\"><div class=\"panel-group fusion-toggle-icon-boxed\" id=\"accordion-451-1\"><div class=\"fusion-panel panel-default panel-673df2ae3cfcf2094 fusion-toggle-has-divider\"><div class=\"panel-heading\"><h4 class=\"panel-title toggle\" id=\"toggle_673df2ae3cfcf2094\"><a aria-expanded=\"false\" aria-controls=\"673df2ae3cfcf2094\" role=\"button\" data-toggle=\"collapse\" data-parent=\"#accordion-451-1\" data-target=\"#673df2ae3cfcf2094\" href=\"#673df2ae3cfcf2094\"><span class=\"fusion-toggle-icon-wrapper\" aria-hidden=\"true\"><i class=\"fa-fusion-box active-icon awb-icon-minus\" aria-hidden=\"true\"><\/i><i class=\"fa-fusion-box inactive-icon awb-icon-plus\" aria-hidden=\"true\"><\/i><\/span><span class=\"fusion-toggle-heading\">Formularios de Privilegios En-Linea<\/span><\/a><\/h4><\/div><div id=\"673df2ae3cfcf2094\" class=\"panel-collapse collapse \" aria-labelledby=\"toggle_673df2ae3cfcf2094\"><div class=\"panel-body toggle-content fusion-clearfix\">\n<p><a href=\"http:\/\/sigob.mire.gob.pa\/serviciosciudadania\">Formulario servicios ciudadania<\/a><\/p>\n<\/div><\/div><\/div><div class=\"fusion-panel panel-default panel-7a8b54d89d658deb0 fusion-toggle-has-divider\"><div class=\"panel-heading\"><h4 class=\"panel-title toggle\" id=\"toggle_7a8b54d89d658deb0\"><a aria-expanded=\"false\" aria-controls=\"7a8b54d89d658deb0\" role=\"button\" data-toggle=\"collapse\" data-parent=\"#accordion-451-1\" data-target=\"#7a8b54d89d658deb0\" href=\"#7a8b54d89d658deb0\"><span class=\"fusion-toggle-icon-wrapper\" aria-hidden=\"true\"><i class=\"fa-fusion-box active-icon awb-icon-minus\" aria-hidden=\"true\"><\/i><i class=\"fa-fusion-box inactive-icon awb-icon-plus\" aria-hidden=\"true\"><\/i><\/span><span class=\"fusion-toggle-heading\">Privilegios e Inmunidades<\/span><\/a><\/h4><\/div><div id=\"7a8b54d89d658deb0\" class=\"panel-collapse collapse \" aria-labelledby=\"toggle_7a8b54d89d658deb0\"><div class=\"panel-body toggle-content fusion-clearfix\">\n<p><a href=\"https:\/\/mire.gob.pa\/ministerio\/privilegios-e-inmunidades-diplomaticas\/\">Acreditaci\u00f3n Diplom\u00e1tica<\/a><\/p>\n<p><a href=\"https:\/\/mire.gob.pa\/ministerio\/certificacion-diplomatica\/\">Certificaci\u00f3n Diplom\u00e1tica<\/a><\/p>\n<p><a href=\"https:\/\/mire.gob.pa\/ministerio\/visa-diplomatica\/\">Visa Diplom\u00e1tica<\/a><\/p>\n<p><a href=\"https:\/\/mire.gob.pa\/ministerio\/placa-diplomatica\/\">Placa Diplom\u00e1tica<\/a><\/p>\n<\/div><\/div><\/div><div class=\"fusion-panel panel-default panel-9447e919c6e38013a fusion-toggle-has-divider\"><div class=\"panel-heading\"><h4 class=\"panel-title toggle\" id=\"toggle_9447e919c6e38013a\"><a aria-expanded=\"false\" aria-controls=\"9447e919c6e38013a\" role=\"button\" data-toggle=\"collapse\" data-parent=\"#accordion-451-1\" data-target=\"#9447e919c6e38013a\" href=\"#9447e919c6e38013a\"><span class=\"fusion-toggle-icon-wrapper\" aria-hidden=\"true\"><i class=\"fa-fusion-box active-icon awb-icon-minus\" aria-hidden=\"true\"><\/i><i class=\"fa-fusion-box inactive-icon awb-icon-plus\" aria-hidden=\"true\"><\/i><\/span><span class=\"fusion-toggle-heading\">Exoneraciones<\/span><\/a><\/h4><\/div><div id=\"9447e919c6e38013a\" class=\"panel-collapse collapse \" aria-labelledby=\"toggle_9447e919c6e38013a\"><div class=\"panel-body toggle-content fusion-clearfix\">\n<p><a href=\"https:\/\/mire.gob.pa\/ministerio\/exoneracion-de-arrendamiento\/\">Exoneraci\u00f3n de Arrendamiento<\/a><\/p>\n<p><a href=\"https:\/\/mire.gob.pa\/ministerio\/exoneracion-de-tasa-aeroportuaria\/\">Exoneraci\u00f3n de Tasa Aeroportuaria<\/a><\/p>\n<p><a href=\"https:\/\/mire.gob.pa\/ministerio\/exoneraciones\/\">Exoneraciones (efectos personales, art\u00edculos del hogar, veh\u00edculos, etc.)<\/a><\/p>\n<p><a href=\"https:\/\/mire.gob.pa\/ministerio\/exoneraciones-de-combustible\/\">Exoneraciones de Combustible<\/a><\/p>\n<p><a href=\"https:\/\/mire.gob.pa\/ministerio\/exoneraciones-para-nacionales\/\">Exoneraciones para Nacionales<\/a><\/p>\n<\/div><\/div><\/div><div class=\"fusion-panel panel-default panel-959aa00584ffb2379 fusion-toggle-has-divider\"><div class=\"panel-heading\"><h4 class=\"panel-title toggle\" id=\"toggle_959aa00584ffb2379\"><a aria-expanded=\"false\" aria-controls=\"959aa00584ffb2379\" role=\"button\" data-toggle=\"collapse\" data-parent=\"#accordion-451-1\" data-target=\"#959aa00584ffb2379\" href=\"#959aa00584ffb2379\"><span class=\"fusion-toggle-icon-wrapper\" aria-hidden=\"true\"><i class=\"fa-fusion-box active-icon awb-icon-minus\" aria-hidden=\"true\"><\/i><i class=\"fa-fusion-box inactive-icon awb-icon-plus\" aria-hidden=\"true\"><\/i><\/span><span class=\"fusion-toggle-heading\">Carn\u00e9s<\/span><\/a><\/h4><\/div><div id=\"959aa00584ffb2379\" class=\"panel-collapse collapse \" aria-labelledby=\"toggle_959aa00584ffb2379\"><div class=\"panel-body toggle-content fusion-clearfix\">\n<p><a href=\"https:\/\/mire.gob.pa\/ministerio\/carne-de-identificacion-diplomatico\/\">Carn\u00e9 de Identificaci\u00f3n Diplom\u00e1tico<\/a><\/p>\n<p><a href=\"https:\/\/mire.gob.pa\/ministerio\/carne-de-exencion-de-impuesto-itbms\/\">Carn\u00e9 de Exenci\u00f3n de Impuesto ITBMS<\/a><\/p>\n<p><a href=\"https:\/\/mire.gob.pa\/ministerio\/carnet-de-empleada-domestica\/\">Carn\u00e9 de Servicio (Empleada Dom\u00e9stica)<\/a><\/p>\n<p><a href=\"https:\/\/mire.gob.pa\/ministerio\/licencia-de-conducir-diplomaticas\/\">Licencia de Conducir Diplom\u00e1ticas<\/a><\/p>\n<\/div><\/div><\/div><div class=\"fusion-panel panel-default panel-8fa1d557d45c6c3ad fusion-toggle-has-divider\"><div class=\"panel-heading\"><h4 class=\"panel-title toggle\" id=\"toggle_8fa1d557d45c6c3ad\"><a class=\"active\" aria-expanded=\"true\" aria-controls=\"8fa1d557d45c6c3ad\" role=\"button\" data-toggle=\"collapse\" data-parent=\"#accordion-451-1\" data-target=\"#8fa1d557d45c6c3ad\" href=\"#8fa1d557d45c6c3ad\"><span class=\"fusion-toggle-icon-wrapper\" aria-hidden=\"true\"><i class=\"fa-fusion-box active-icon awb-icon-minus\" aria-hidden=\"true\"><\/i><i class=\"fa-fusion-box inactive-icon awb-icon-plus\" aria-hidden=\"true\"><\/i><\/span><span class=\"fusion-toggle-heading\">Permisos<\/span><\/a><\/h4><\/div><div id=\"8fa1d557d45c6c3ad\" class=\"panel-collapse collapse in\" aria-labelledby=\"toggle_8fa1d557d45c6c3ad\"><div class=\"panel-body toggle-content fusion-clearfix\">\n<p><a href=\"https:\/\/mire.gob.pa\/ministerio\/permiso-de-trabajo\/\">Permiso de Trabajo<\/a><\/p>\n<p><a href=\"https:\/\/mire.gob.pa\/ministerio\/permiso-de-venta-de-auto\/\">Permiso de Venta de Veh\u00edculos<\/a><\/p>\n<p><a href=\"https:\/\/mire.gob.pa\/ministerio\/reexportacion-de-vehiculos\/\">Re-exportaci\u00f3n de Veh\u00edculos<\/a><\/p>\n<p><a href=\"https:\/\/mire.gob.pa\/ministerio\/salida-y-entrada-de-vehiculos\/\">Salida y Entrada de Veh\u00edculos<\/a><\/p>\n<p><a href=\"https:\/\/mire.gob.pa\/ministerio\/reexportacion-de-los-efectos-personales\/\">Re-exportaci\u00f3n de los Efectos Personales<\/a><\/p>\n<\/div><\/div><\/div><div class=\"fusion-panel panel-default panel-279bb5e77e2981cf1 fusion-toggle-has-divider\"><div class=\"panel-heading\"><h4 class=\"panel-title toggle\" id=\"toggle_279bb5e77e2981cf1\"><a aria-expanded=\"false\" aria-controls=\"279bb5e77e2981cf1\" role=\"button\" data-toggle=\"collapse\" data-parent=\"#accordion-451-1\" data-target=\"#279bb5e77e2981cf1\" href=\"#279bb5e77e2981cf1\"><span class=\"fusion-toggle-icon-wrapper\" aria-hidden=\"true\"><i class=\"fa-fusion-box active-icon awb-icon-minus\" aria-hidden=\"true\"><\/i><i class=\"fa-fusion-box inactive-icon awb-icon-plus\" aria-hidden=\"true\"><\/i><\/span><span class=\"fusion-toggle-heading\">Casos<\/span><\/a><\/h4><\/div><div id=\"279bb5e77e2981cf1\" class=\"panel-collapse collapse \" aria-labelledby=\"toggle_279bb5e77e2981cf1\"><div class=\"panel-body toggle-content fusion-clearfix\">\n<p><a href=\"https:\/\/mire.gob.pa\/ministerio\/casos-de-colision-vehicular\/\">Casos de Colisi\u00f3n Vehicular<\/a><\/p>\n<p><a href=\"https:\/\/mire.gob.pa\/ministerio\/casos-laborales\/\">Casos Laborales<\/a><\/p>\n<\/div><\/div><\/div><\/div><\/div><div class=\"fusion-clearfix\"><\/div><\/div><\/div><div class=\"fusion-layout-column fusion_builder_column fusion-builder-column-1 fusion_builder_column_2_3 2_3 fusion-two-third fusion-column-last\" style=\"--awb-bg-size:cover;width:66.666666666667%;width:calc(66.666666666667% - ( ( 4% ) * 0.66666666666667 ) );\"><div class=\"fusion-column-wrapper fusion-column-has-shadow fusion-flex-column-wrapper-legacy\"><div class=\"fusion-text fusion-text-1\"><p>Otorgamiento de Salida y Entrada de Veh\u00edculos a Diplom\u00e1ticos.<\/p>\n<h2>Requisitos:<\/h2>\n<ul>\n<li>Liquidaci\u00f3n de Aduanas<\/li>\n<li>Nota de la Embajada, dirigida al Departamento de Privilegios e Inmunidades Diplom\u00e1ticas con generales del veh\u00edculo<\/li>\n<\/ul>\n<\/div><div class=\"fusion-clearfix\"><\/div><\/div><\/div><\/div><\/div>\n","protected":false},"excerpt":{"rendered":"","protected":false},"author":1,"featured_media":0,"parent":0,"menu_order":0,"comment_status":"closed","ping_status":"closed","template":"","meta":{"footnotes":""},"class_list":["post-451","page","type-page","status-publish","hentry"],"_links":{"self":[{"href":"https:\/\/mire.gob.pa\/ministerio\/wp-json\/wp\/v2\/pages\/451","targetHints":{"allow":["GET"]}}],"collection":[{"href":"https:\/\/mire.gob.pa\/ministerio\/wp-json\/wp\/v2\/pages"}],"about":[{"href":"https:\/\/mire.gob.pa\/ministerio\/wp-json\/wp\/v2\/types\/page"}],"author":[{"embeddable":true,"href":"https:\/\/mire.gob.pa\/ministerio\/wp-json\/wp\/v2\/users\/1"}],"replies":[{"embeddable":true,"href":"https:\/\/mire.gob.pa\/ministerio\/wp-json\/wp\/v2\/comments?post=451"}],"version-history":[{"count":2,"href":"https:\/\/mire.gob.pa\/ministerio\/wp-json\/wp\/v2\/pages\/451\/revisions"}],"predecessor-version":[{"id":578,"href":"https:\/\/mire.gob.pa\/ministerio\/wp-json\/wp\/v2\/pages\/451\/revisions\/578"}],"wp:attachment":[{"href":"https:\/\/mire.gob.pa\/ministerio\/wp-json\/wp\/v2\/media?parent=451"}],"curies":[{"name":"wp","href":"https:\/\/api.w.org\/{rel}","templated":true}]}}