{"id":457,"date":"2019-10-13T20:51:21","date_gmt":"2019-10-13T20:51:21","guid":{"rendered":"https:\/\/mire.gob.pa\/ministerio\/?page_id=457"},"modified":"2019-10-15T18:09:17","modified_gmt":"2019-10-15T18:09:17","slug":"casos-laborales","status":"publish","type":"page","link":"https:\/\/mire.gob.pa\/ministerio\/casos-laborales\/","title":{"rendered":"Casos Laborales"},"content":{"rendered":"<div class=\"fusion-fullwidth fullwidth-box fusion-builder-row-1 nonhundred-percent-fullwidth non-hundred-percent-height-scrolling\" style=\"--awb-border-radius-top-left:0px;--awb-border-radius-top-right:0px;--awb-border-radius-bottom-right:0px;--awb-border-radius-bottom-left:0px;--awb-flex-wrap:wrap;\" ><div class=\"fusion-builder-row fusion-row\"><div class=\"fusion-layout-column fusion_builder_column fusion-builder-column-0 fusion_builder_column_1_3 1_3 fusion-one-third fusion-column-first\" style=\"--awb-bg-size:cover;width:33.333333333333%;width:calc(33.333333333333% - ( ( 4% ) * 0.33333333333333 ) );margin-right: 4%;\"><div class=\"fusion-column-wrapper fusion-column-has-shadow fusion-flex-column-wrapper-legacy\"><div class=\"accordian fusion-accordian\" style=\"--awb-border-size:1px;--awb-icon-size:13px;--awb-content-font-size:16px;--awb-icon-alignment:left;--awb-hover-color:rgba(249,249,249,0);--awb-border-color:rgba(204,204,204,0);--awb-background-color:rgba(255,255,255,0);--awb-divider-color:#e0dede;--awb-divider-hover-color:#e0dede;--awb-icon-color:#ffffff;--awb-title-color:#3083c4;--awb-content-color:#4c4c4c;--awb-icon-box-color:#333333;--awb-toggle-hover-accent-color:#00366a;--awb-title-font-family:&quot;Avenir Roman&quot;;--awb-title-font-weight:700;--awb-title-font-style:normal;--awb-content-font-family:&quot;Avenir Roman&quot;;--awb-content-font-style:normal;--awb-content-font-weight:400;\"><div class=\"panel-group fusion-toggle-icon-boxed\" id=\"accordion-457-1\"><div class=\"fusion-panel panel-default panel-f84fd489159ee97b4 fusion-toggle-has-divider\"><div class=\"panel-heading\"><h4 class=\"panel-title toggle\" id=\"toggle_f84fd489159ee97b4\"><a aria-expanded=\"false\" aria-controls=\"f84fd489159ee97b4\" role=\"button\" data-toggle=\"collapse\" data-parent=\"#accordion-457-1\" data-target=\"#f84fd489159ee97b4\" href=\"#f84fd489159ee97b4\"><span class=\"fusion-toggle-icon-wrapper\" aria-hidden=\"true\"><i class=\"fa-fusion-box active-icon awb-icon-minus\" aria-hidden=\"true\"><\/i><i class=\"fa-fusion-box inactive-icon awb-icon-plus\" aria-hidden=\"true\"><\/i><\/span><span class=\"fusion-toggle-heading\">Formularios de Privilegios En-Linea<\/span><\/a><\/h4><\/div><div id=\"f84fd489159ee97b4\" class=\"panel-collapse collapse \" aria-labelledby=\"toggle_f84fd489159ee97b4\"><div class=\"panel-body toggle-content fusion-clearfix\">\n<p><a href=\"http:\/\/sigob.mire.gob.pa\/serviciosciudadania\">Formulario servicios ciudadania<\/a><\/p>\n<\/div><\/div><\/div><div class=\"fusion-panel panel-default panel-988df36b0e631a8eb fusion-toggle-has-divider\"><div class=\"panel-heading\"><h4 class=\"panel-title toggle\" id=\"toggle_988df36b0e631a8eb\"><a aria-expanded=\"false\" aria-controls=\"988df36b0e631a8eb\" role=\"button\" data-toggle=\"collapse\" data-parent=\"#accordion-457-1\" data-target=\"#988df36b0e631a8eb\" href=\"#988df36b0e631a8eb\"><span class=\"fusion-toggle-icon-wrapper\" aria-hidden=\"true\"><i class=\"fa-fusion-box active-icon awb-icon-minus\" aria-hidden=\"true\"><\/i><i class=\"fa-fusion-box inactive-icon awb-icon-plus\" aria-hidden=\"true\"><\/i><\/span><span class=\"fusion-toggle-heading\">Privilegios e Inmunidades<\/span><\/a><\/h4><\/div><div id=\"988df36b0e631a8eb\" class=\"panel-collapse collapse \" aria-labelledby=\"toggle_988df36b0e631a8eb\"><div class=\"panel-body toggle-content fusion-clearfix\">\n<p><a href=\"https:\/\/mire.gob.pa\/ministerio\/privilegios-e-inmunidades-diplomaticas\/\">Acreditaci\u00f3n Diplom\u00e1tica<\/a><\/p>\n<p><a href=\"https:\/\/mire.gob.pa\/ministerio\/certificacion-diplomatica\/\">Certificaci\u00f3n Diplom\u00e1tica<\/a><\/p>\n<p><a href=\"https:\/\/mire.gob.pa\/ministerio\/visa-diplomatica\/\">Visa Diplom\u00e1tica<\/a><\/p>\n<p><a href=\"https:\/\/mire.gob.pa\/ministerio\/placa-diplomatica\/\">Placa Diplom\u00e1tica<\/a><\/p>\n<\/div><\/div><\/div><div class=\"fusion-panel panel-default panel-19d21e46aaab6da81 fusion-toggle-has-divider\"><div class=\"panel-heading\"><h4 class=\"panel-title toggle\" id=\"toggle_19d21e46aaab6da81\"><a aria-expanded=\"false\" aria-controls=\"19d21e46aaab6da81\" role=\"button\" data-toggle=\"collapse\" data-parent=\"#accordion-457-1\" data-target=\"#19d21e46aaab6da81\" href=\"#19d21e46aaab6da81\"><span class=\"fusion-toggle-icon-wrapper\" aria-hidden=\"true\"><i class=\"fa-fusion-box active-icon awb-icon-minus\" aria-hidden=\"true\"><\/i><i class=\"fa-fusion-box inactive-icon awb-icon-plus\" aria-hidden=\"true\"><\/i><\/span><span class=\"fusion-toggle-heading\">Exoneraciones<\/span><\/a><\/h4><\/div><div id=\"19d21e46aaab6da81\" class=\"panel-collapse collapse \" aria-labelledby=\"toggle_19d21e46aaab6da81\"><div class=\"panel-body toggle-content fusion-clearfix\">\n<p><a href=\"https:\/\/mire.gob.pa\/ministerio\/exoneracion-de-arrendamiento\/\">Exoneraci\u00f3n de Arrendamiento<\/a><\/p>\n<p><a href=\"https:\/\/mire.gob.pa\/ministerio\/exoneracion-de-tasa-aeroportuaria\/\">Exoneraci\u00f3n de Tasa Aeroportuaria<\/a><\/p>\n<p><a href=\"https:\/\/mire.gob.pa\/ministerio\/exoneraciones\/\">Exoneraciones (efectos personales, art\u00edculos del hogar, veh\u00edculos, etc.)<\/a><\/p>\n<p><a href=\"https:\/\/mire.gob.pa\/ministerio\/exoneraciones-de-combustible\/\">Exoneraciones de Combustible<\/a><\/p>\n<p><a href=\"https:\/\/mire.gob.pa\/ministerio\/exoneraciones-para-nacionales\/\">Exoneraciones para Nacionales<\/a><\/p>\n<\/div><\/div><\/div><div class=\"fusion-panel panel-default panel-927ce4b01046e7533 fusion-toggle-has-divider\"><div class=\"panel-heading\"><h4 class=\"panel-title toggle\" id=\"toggle_927ce4b01046e7533\"><a aria-expanded=\"false\" aria-controls=\"927ce4b01046e7533\" role=\"button\" data-toggle=\"collapse\" data-parent=\"#accordion-457-1\" data-target=\"#927ce4b01046e7533\" href=\"#927ce4b01046e7533\"><span class=\"fusion-toggle-icon-wrapper\" aria-hidden=\"true\"><i class=\"fa-fusion-box active-icon awb-icon-minus\" aria-hidden=\"true\"><\/i><i class=\"fa-fusion-box inactive-icon awb-icon-plus\" aria-hidden=\"true\"><\/i><\/span><span class=\"fusion-toggle-heading\">Carn\u00e9s<\/span><\/a><\/h4><\/div><div id=\"927ce4b01046e7533\" class=\"panel-collapse collapse \" aria-labelledby=\"toggle_927ce4b01046e7533\"><div class=\"panel-body toggle-content fusion-clearfix\">\n<p><a href=\"https:\/\/mire.gob.pa\/ministerio\/carne-de-identificacion-diplomatico\/\">Carn\u00e9 de Identificaci\u00f3n Diplom\u00e1tico<\/a><\/p>\n<p><a href=\"https:\/\/mire.gob.pa\/ministerio\/carne-de-exencion-de-impuesto-itbms\/\">Carn\u00e9 de Exenci\u00f3n de Impuesto ITBMS<\/a><\/p>\n<p><a href=\"https:\/\/mire.gob.pa\/ministerio\/carnet-de-empleada-domestica\/\">Carn\u00e9 de Servicio (Empleada Dom\u00e9stica)<\/a><\/p>\n<p><a href=\"https:\/\/mire.gob.pa\/ministerio\/licencia-de-conducir-diplomaticas\/\">Licencia de Conducir Diplom\u00e1ticas<\/a><\/p>\n<\/div><\/div><\/div><div class=\"fusion-panel panel-default panel-c963e9a525ae4b412 fusion-toggle-has-divider\"><div class=\"panel-heading\"><h4 class=\"panel-title toggle\" id=\"toggle_c963e9a525ae4b412\"><a aria-expanded=\"false\" aria-controls=\"c963e9a525ae4b412\" role=\"button\" data-toggle=\"collapse\" data-parent=\"#accordion-457-1\" data-target=\"#c963e9a525ae4b412\" href=\"#c963e9a525ae4b412\"><span class=\"fusion-toggle-icon-wrapper\" aria-hidden=\"true\"><i class=\"fa-fusion-box active-icon awb-icon-minus\" aria-hidden=\"true\"><\/i><i class=\"fa-fusion-box inactive-icon awb-icon-plus\" aria-hidden=\"true\"><\/i><\/span><span class=\"fusion-toggle-heading\">Permisos<\/span><\/a><\/h4><\/div><div id=\"c963e9a525ae4b412\" class=\"panel-collapse collapse \" aria-labelledby=\"toggle_c963e9a525ae4b412\"><div class=\"panel-body toggle-content fusion-clearfix\">\n<p><a href=\"https:\/\/mire.gob.pa\/ministerio\/permiso-de-trabajo\/\">Permiso de Trabajo<\/a><\/p>\n<p><a href=\"https:\/\/mire.gob.pa\/ministerio\/permiso-de-venta-de-auto\/\">Permiso de Venta de Veh\u00edculos<\/a><\/p>\n<p><a href=\"https:\/\/mire.gob.pa\/ministerio\/reexportacion-de-vehiculos\/\">Re-exportaci\u00f3n de Veh\u00edculos<\/a><\/p>\n<p><a href=\"https:\/\/mire.gob.pa\/ministerio\/salida-y-entrada-de-vehiculos\/\">Salida y Entrada de Veh\u00edculos<\/a><\/p>\n<p><a href=\"https:\/\/mire.gob.pa\/ministerio\/reexportacion-de-los-efectos-personales\/\">Re-exportaci\u00f3n de los Efectos Personales<\/a><\/p>\n<\/div><\/div><\/div><div class=\"fusion-panel panel-default panel-31963d3ea0bbc2bfc fusion-toggle-has-divider\"><div class=\"panel-heading\"><h4 class=\"panel-title toggle\" id=\"toggle_31963d3ea0bbc2bfc\"><a class=\"active\" aria-expanded=\"true\" aria-controls=\"31963d3ea0bbc2bfc\" role=\"button\" data-toggle=\"collapse\" data-parent=\"#accordion-457-1\" data-target=\"#31963d3ea0bbc2bfc\" href=\"#31963d3ea0bbc2bfc\"><span class=\"fusion-toggle-icon-wrapper\" aria-hidden=\"true\"><i class=\"fa-fusion-box active-icon awb-icon-minus\" aria-hidden=\"true\"><\/i><i class=\"fa-fusion-box inactive-icon awb-icon-plus\" aria-hidden=\"true\"><\/i><\/span><span class=\"fusion-toggle-heading\">Casos<\/span><\/a><\/h4><\/div><div id=\"31963d3ea0bbc2bfc\" class=\"panel-collapse collapse in\" aria-labelledby=\"toggle_31963d3ea0bbc2bfc\"><div class=\"panel-body toggle-content fusion-clearfix\">\n<p><a href=\"https:\/\/mire.gob.pa\/ministerio\/casos-de-colision-vehicular\/\">Casos de Colisi\u00f3n Vehicular<\/a><\/p>\n<p><a href=\"https:\/\/mire.gob.pa\/ministerio\/casos-laborales\/\">Casos Laborales<\/a><\/p>\n<\/div><\/div><\/div><\/div><\/div><div class=\"fusion-clearfix\"><\/div><\/div><\/div><div class=\"fusion-layout-column fusion_builder_column fusion-builder-column-1 fusion_builder_column_2_3 2_3 fusion-two-third fusion-column-last\" style=\"--awb-bg-size:cover;width:66.666666666667%;width:calc(66.666666666667% - ( ( 4% ) * 0.66666666666667 ) );\"><div class=\"fusion-column-wrapper fusion-column-has-shadow fusion-flex-column-wrapper-legacy\"><div class=\"fusion-text fusion-text-1\"><h2>Requisitos:<\/h2>\n<ul>\n<li>Nota del afectado explicando el problema laboral<\/li>\n<li>Copia de Visa<\/li>\n<\/ul>\n<\/div><div class=\"fusion-clearfix\"><\/div><\/div><\/div><\/div><\/div>\n","protected":false},"excerpt":{"rendered":"","protected":false},"author":1,"featured_media":0,"parent":0,"menu_order":0,"comment_status":"closed","ping_status":"closed","template":"","meta":{"footnotes":""},"class_list":["post-457","page","type-page","status-publish","hentry"],"_links":{"self":[{"href":"https:\/\/mire.gob.pa\/ministerio\/wp-json\/wp\/v2\/pages\/457","targetHints":{"allow":["GET"]}}],"collection":[{"href":"https:\/\/mire.gob.pa\/ministerio\/wp-json\/wp\/v2\/pages"}],"about":[{"href":"https:\/\/mire.gob.pa\/ministerio\/wp-json\/wp\/v2\/types\/page"}],"author":[{"embeddable":true,"href":"https:\/\/mire.gob.pa\/ministerio\/wp-json\/wp\/v2\/users\/1"}],"replies":[{"embeddable":true,"href":"https:\/\/mire.gob.pa\/ministerio\/wp-json\/wp\/v2\/comments?post=457"}],"version-history":[{"count":2,"href":"https:\/\/mire.gob.pa\/ministerio\/wp-json\/wp\/v2\/pages\/457\/revisions"}],"predecessor-version":[{"id":581,"href":"https:\/\/mire.gob.pa\/ministerio\/wp-json\/wp\/v2\/pages\/457\/revisions\/581"}],"wp:attachment":[{"href":"https:\/\/mire.gob.pa\/ministerio\/wp-json\/wp\/v2\/media?parent=457"}],"curies":[{"name":"wp","href":"https:\/\/api.w.org\/{rel}","templated":true}]}}