{"id":85,"date":"2019-10-09T20:36:25","date_gmt":"2019-10-09T20:36:25","guid":{"rendered":"https:\/\/mire.gob.pa\/ministerio\/?page_id=85"},"modified":"2024-06-25T15:39:27","modified_gmt":"2024-06-25T20:39:27","slug":"base-legal","status":"publish","type":"page","link":"https:\/\/mire.gob.pa\/ministerio\/base-legal\/","title":{"rendered":"Base Legal"},"content":{"rendered":"<div class=\"fusion-fullwidth fullwidth-box fusion-builder-row-1 nonhundred-percent-fullwidth non-hundred-percent-height-scrolling\" style=\"--awb-border-radius-top-left:0px;--awb-border-radius-top-right:0px;--awb-border-radius-bottom-right:0px;--awb-border-radius-bottom-left:0px;--awb-flex-wrap:wrap;\" ><div class=\"fusion-builder-row fusion-row\"><div class=\"fusion-layout-column fusion_builder_column fusion-builder-column-0 fusion_builder_column_1_1 1_1 fusion-one-full fusion-column-first fusion-column-last\" style=\"--awb-bg-size:cover;\"><div class=\"fusion-column-wrapper fusion-column-has-shadow fusion-flex-column-wrapper-legacy\"><div class=\"fusion-text fusion-text-1\"><h2><strong>Base Legal<\/strong><\/h2>\n<ul>\n<li><a href=\"https:\/\/mire.gob.pa\/ministerio\/wp-content\/uploads\/2024\/06\/00001_1903.pdf\">Decreto Ejecutivo No 3<\/a> del 4 de noviembre de 1903, que establece el Ministerio de Relaciones Exteriores.<\/li>\n<li><a href=\"https:\/\/mire.gob.pa\/ministerio\/wp-content\/uploads\/2024\/06\/manual_de_organizacion_del_estado_nov2006.pdf\">Resuelto No 590<\/a> del 2 de agosto de 1996, que actualiza la estructura administrativa del Ministerio de Relaciones Exteriores hasta la aprobaci\u00f3n de su Ley Org\u00e1nica.<\/li>\n<li><a href=\"https:\/\/mire.gob.pa\/ministerio\/wp-content\/uploads\/2024\/06\/20240619143928983.pdf\">Decreto Ejecutivo No.42<\/a> de 13 de junio de 2024, Por medio del cual se modifican los art\u00edculos 87 y 88, y se adiciona el 88-A, al Decreto Ejecutivo N\u00b0367 de 17 de agosto de 2018, Que reorganiza la estructura org\u00e1nica y funcional del Ministerio de Relaciones Exteriores.<\/li>\n<li><a href=\"https:\/\/mire.gob.pa\/ministerio\/wp-content\/uploads\/2024\/05\/Decreto-Ejecutivo-No.426-que-reglamenta-lo-establecido-en-el-Articulo-52-de-la-Ley-28-del-7-de-julio-de-1999-relativa-a-la-Carrera-Diplomatica-y-Consular.png\">Decreto Ejecutivo No.426<\/a>, que reglamenta lo establecido en el Art\u00edculo 52 de la Ley 28 del 7 de julio de 1999 relativa a la Carrera Diplom\u00e1tica y Consular.<\/li>\n<li><a href=\"https:\/\/mire.gob.pa\/ministerio\/wp-content\/uploads\/2024\/05\/Ley-No.28-de-7-de-julio-de-1999.pdf\">Ley No.28 de 7 de julio de 1999<\/a>; por la cual se dicta la ley Org\u00e1nica del Ministerio de Relaciones Exteriores se establece la Carrera Diplom\u00e1tica y Consular.<\/li>\n<li><a href=\"https:\/\/mire.gob.pa\/ministerio\/wp-content\/uploads\/2024\/05\/Decreto-Ejecutivo-No-135-del-27-de-julio-de-1999.pdf\">Decreto Ejecutivo No 135<\/a> del 27 de julio de 1999, que reglamenta el t\u00edtulo II de la Ley No 28 del 7 de junio de 1999 sobre el Servicio Exterior Paname\u00f1o y la Carrera Diplom\u00e1tica y Consular.<\/li>\n<li><a href=\"https:\/\/mire.gob.pa\/ministerio\/wp-content\/uploads\/2024\/05\/Ley-No.60-Que-modifica-y-adiciona-Articulos-a-la-ley-28-de-1999.pdf\">Ley No.60<\/a> Que modifica y adiciona Art\u00edculos a la ley 28 de 1999, sobre Carrera Diplom\u00e1tica y Consular.<\/li>\n<li><a href=\"https:\/\/mire.gob.pa\/ministerio\/wp-content\/uploads\/2024\/05\/Ley-No.5-que-modifica-Articulos-de-la-Ley-28-de-1999.png\">Ley No.5<\/a>, que modifica Art\u00edculos de la Ley 28 de 1999, que dicta la Ley Org\u00e1nica del Ministerio de Relaciones Exteriores y Establece la Carrera Diplom\u00e1tica y Consular.<\/li>\n<li><a href=\"https:\/\/mire.gob.pa\/ministerio\/wp-content\/uploads\/2024\/05\/Decreto-No-147-del-27-de-julio-de-2006.pdf\">Decreto No 147<\/a> del 27 de julio de 2006, que modifica el art\u00edculo 33 del Decreto Ejecutivo No 131 del 13 de junio de 2001, que reglamenta las funciones y estructura del Ministerio de Relaciones Exteriores y se crea la Direcci\u00f3n General de la Academia Diplom\u00e1tica.<\/li>\n<li><a href=\"https:\/\/mire.gob.pa\/ministerio\/wp-content\/uploads\/2024\/05\/Decreto-Ejecutivo-No.368.pdf\">Decreto Ejecutivo No.368<\/a> de 17 de agosto de 2018, que dicta el Reglamento Interno del Ministerio de Relaciones Exteriores y Desarrolla Titulo II de La Ley No. 28 de 7 de julio de 1999, sus modificaciones y adiciones posteriores.<\/li>\n<li><a href=\"https:\/\/mire.gob.pa\/ministerio\/wp-content\/uploads\/2021\/08\/Decreto-de-Gabinete-280.pdf\">Decreto de Gabinete 280<\/a> Por el cual se establece el R\u00e9gimen Nacional para el otorgamiento de privilegios e inmunidades a misiones diplom\u00e1ticas y oficinas consulares extranjeras y a miembros de ellas, a representantes de organismos internacionales, y a misiones especiales a estos o de gobiernos extranjeros y a miembros de ellas.<\/li>\n<li><a href=\"https:\/\/mire.gob.pa\/ministerio\/wp-content\/uploads\/2024\/05\/Decreto-Ejecutivo-No.367-del-17-de-agosto-de-2018.pdf\">Decreto Ejecutivo No.367<\/a> del 17 de agosto de 2018, que reorganiza la Estructura Org\u00e1nica y funcional del Ministerio de Relaciones Exteriores.<\/li>\n<\/ul>\n<\/div><div class=\"fusion-clearfix\"><\/div><\/div><\/div><\/div><\/div>\n","protected":false},"excerpt":{"rendered":"","protected":false},"author":1,"featured_media":0,"parent":0,"menu_order":0,"comment_status":"closed","ping_status":"closed","template":"","meta":{"footnotes":""},"class_list":["post-85","page","type-page","status-publish","hentry"],"_links":{"self":[{"href":"https:\/\/mire.gob.pa\/ministerio\/wp-json\/wp\/v2\/pages\/85","targetHints":{"allow":["GET"]}}],"collection":[{"href":"https:\/\/mire.gob.pa\/ministerio\/wp-json\/wp\/v2\/pages"}],"about":[{"href":"https:\/\/mire.gob.pa\/ministerio\/wp-json\/wp\/v2\/types\/page"}],"author":[{"embeddable":true,"href":"https:\/\/mire.gob.pa\/ministerio\/wp-json\/wp\/v2\/users\/1"}],"replies":[{"embeddable":true,"href":"https:\/\/mire.gob.pa\/ministerio\/wp-json\/wp\/v2\/comments?post=85"}],"version-history":[{"count":16,"href":"https:\/\/mire.gob.pa\/ministerio\/wp-json\/wp\/v2\/pages\/85\/revisions"}],"predecessor-version":[{"id":30620,"href":"https:\/\/mire.gob.pa\/ministerio\/wp-json\/wp\/v2\/pages\/85\/revisions\/30620"}],"wp:attachment":[{"href":"https:\/\/mire.gob.pa\/ministerio\/wp-json\/wp\/v2\/media?parent=85"}],"curies":[{"name":"wp","href":"https:\/\/api.w.org\/{rel}","templated":true}]}}