{"id":7,"date":"2020-02-14T14:09:31","date_gmt":"2020-02-14T14:09:31","guid":{"rendered":"https:\/\/mire.gob.pa\/palaciobolivar\/?page_id=7"},"modified":"2024-03-15T19:26:25","modified_gmt":"2024-03-15T19:26:25","slug":"elementor-7","status":"publish","type":"page","link":"https:\/\/mire.gob.pa\/palaciobolivar\/","title":{"rendered":"PALACIO BOL\u00cdVAR"},"content":{"rendered":"\t\t<div data-elementor-type=\"wp-page\" data-elementor-id=\"7\" class=\"elementor elementor-7\">\n\t\t\t\t\t\t<section class=\"elementor-section elementor-top-section elementor-element elementor-element-e0be7d2 elementor-section-full_width elementor-section-stretched elementor-section-height-default elementor-section-height-default\" data-id=\"e0be7d2\" data-element_type=\"section\" data-settings=\"{&quot;stretch_section&quot;:&quot;section-stretched&quot;}\">\n\t\t\t\t\t\t<div class=\"elementor-container elementor-column-gap-no\">\n\t\t\t\t\t<div class=\"elementor-column elementor-col-100 elementor-top-column elementor-element elementor-element-522d9df\" data-id=\"522d9df\" data-element_type=\"column\">\n\t\t\t<div class=\"elementor-widget-wrap elementor-element-populated\">\n\t\t\t\t\t\t<div class=\"elementor-element elementor-element-4048a06 elementor-widget elementor-widget-photo_panorama_el\" data-id=\"4048a06\" data-element_type=\"widget\" data-widget_type=\"photo_panorama_el.default\">\n\t\t\t\t<div class=\"elementor-widget-container\">\n\t\t\t\t\t<style>\n            \n\t\t\t.psv-tooltip{\n\t\t\t\tbackground-color: #fff; \n\t\t\t}\n\t\t\t.psv-tooltip--top-center{\n\t\t\t    -webkit-box-shadow: none;\n                box-shadow: none;\n\t\t\t}\n\t\t\t.psv-tooltip .psv-tooltip-arrow,\n\t\t\t.psv-tooltip--top-center .psv-tooltip-arrow{\n\t\t\t\tborder-top-color: #fff; \n\t\t\t}\n\t\t\t.psv-tooltip .psv-tooltip-content{\n\t\t\t\tcolor: #000; \n\t\t\t    text-shadow: 0 1px #000;\n\t\t\t} \n\t\t<\/style>\n\n<div id=\"ps_el_69eb34b17cb42\"\n     class=\"ps-el-viewer\">\n\t\n\t\r\n\r\n<div class=\"ps_el_box\">\r\n\t    <div class=\"glr left row-4 js-glr\">\r\n        <div class=\"glr__main\" style=\"\">\r\n            <div class=\"glr__list js-glr-list\"  style=\"\">\r\n\t\t\t\t                    <div class=\"glr__item active js-glr-item\" data-full-img=\"https:\/\/mire.gob.pa\/palaciobolivar\/wp-content\/uploads\/2020\/02\/PIC_20190807_113556-scaled.jpg\" data-scene_id=\"0\">\r\n                        <div class=\"glr__item-inner\">\r\n                            <img decoding=\"async\" class=\"js-bg\" src=\"https:\/\/mire.gob.pa\/palaciobolivar\/wp-content\/uploads\/2020\/02\/PIC_20190807_113556-scaled.jpg\">\r\n                        <\/div>\r\n                    <\/div>\r\n\t\t\t\t                    <div class=\"glr__item  js-glr-item\" data-full-img=\"https:\/\/mire.gob.pa\/palaciobolivar\/wp-content\/uploads\/2020\/02\/PIC_20190807_105838-scaled.jpg\" data-scene_id=\"1\">\r\n                        <div class=\"glr__item-inner\">\r\n                            <img decoding=\"async\" class=\"js-bg\" src=\"https:\/\/mire.gob.pa\/palaciobolivar\/wp-content\/uploads\/2020\/02\/PIC_20190807_105838-150x150.jpg\">\r\n                        <\/div>\r\n                    <\/div>\r\n\t\t\t\t                    <div class=\"glr__item  js-glr-item\" data-full-img=\"https:\/\/mire.gob.pa\/palaciobolivar\/wp-content\/uploads\/2020\/02\/PIC_20190814_112507-scaled.jpg\" data-scene_id=\"2\">\r\n                        <div class=\"glr__item-inner\">\r\n                            <img decoding=\"async\" class=\"js-bg\" src=\"https:\/\/mire.gob.pa\/palaciobolivar\/wp-content\/uploads\/2020\/02\/PIC_20190814_112507-150x150.jpg\">\r\n                        <\/div>\r\n                    <\/div>\r\n\t\t\t\t                    <div class=\"glr__item  js-glr-item\" data-full-img=\"https:\/\/mire.gob.pa\/palaciobolivar\/wp-content\/uploads\/2020\/02\/PIC_20190814_114505-scaled.jpg\" data-scene_id=\"3\">\r\n                        <div class=\"glr__item-inner\">\r\n                            <img decoding=\"async\" class=\"js-bg\" src=\"https:\/\/mire.gob.pa\/palaciobolivar\/wp-content\/uploads\/2020\/02\/PIC_20190814_114505-150x150.jpg\">\r\n                        <\/div>\r\n                    <\/div>\r\n\t\t\t\t                    <div class=\"glr__item  js-glr-item\" data-full-img=\"https:\/\/mire.gob.pa\/palaciobolivar\/wp-content\/uploads\/2020\/02\/PIC_20190814_115342-scaled.jpg\" data-scene_id=\"4\">\r\n                        <div class=\"glr__item-inner\">\r\n                            <img decoding=\"async\" class=\"js-bg\" src=\"https:\/\/mire.gob.pa\/palaciobolivar\/wp-content\/uploads\/2020\/02\/PIC_20190814_115342-150x150.jpg\">\r\n                        <\/div>\r\n                    <\/div>\r\n\t\t\t\t\r\n            <\/div>\r\n        <\/div>\r\n\t\t            <div class=\"glr__arrow prev js-glr-arrow\">\r\n                <svg class=\"glr__arrow-svg\" xmlns=\"http:\/\/www.w3.org\/2000\/svg\" viewBox=\"0 0 512 512\">\r\n                    <path d=\"M217.9 256L345 129c9.4-9.4 9.4-24.6 0-33.9-9.4-9.4-24.6-9.3-34 0L167 239c-9.1 9.1-9.3 23.7-.7 33.1L310.9 417c4.7 4.7 10.9 7 17 7s12.3-2.3 17-7c9.4-9.4 9.4-24.6 0-33.9L217.9 256z\" \/>\r\n                <\/svg>\r\n            <\/div>\r\n            <div class=\"glr__arrow next js-glr-arrow\">\r\n                <svg class=\"glr__arrow-svg\" xmlns=\"http:\/\/www.w3.org\/2000\/svg\" viewBox=\"0 0 512 512\">\r\n                    <path d=\"M294.1 256L167 129c-9.4-9.4-9.4-24.6 0-33.9s24.6-9.3 34 0L345 239c9.1 9.1 9.3 23.7.7 33.1L201.1 417c-4.7 4.7-10.9 7-17 7s-12.3-2.3-17-7c-9.4-9.4-9.4-24.6 0-33.9l127-127.1z\" \/>\r\n                <\/svg>\r\n            <\/div>\r\n\t\t    <\/div>\r\n\r\n<\/div>\r\n\n<\/div>\n<script>\n\tif (typeof window.photo_panorama_el_params === 'undefined') {\n\t\twindow.photo_panorama_el_params = {};\n\t}\n\tphoto_panorama_el_params['ps_el_69eb34b17cb42'] = {\"panorama\":\"https:\\\/\\\/mire.gob.pa\\\/palaciobolivar\\\/wp-content\\\/uploads\\\/2020\\\/02\\\/PIC_20190807_113556-scaled.jpg\",\"time_anim\":\"1\",\"anim_speed\":\"1.5rpm\",\"loading_txt\":\"Loading...\",\"markers\":[{\"type_marker\":\"circle\",\"post_id\":\"Select post\",\"product_id\":\"Select product\",\"add_coordinate\":\"Please click here\",\"product_scale\":\"0.6\",\"width\":\"32\",\"height\":\"32\",\"_id\":\"62343ee\",\"show_in_scene\":\"\",\"marker_action\":\"\",\"marker_action_url\":{\"url\":\"\",\"is_external\":\"\",\"nofollow\":\"\",\"custom_attributes\":\"\"},\"scene\":\"\",\"circle\":20,\"fill\":\"\",\"template\":\"\",\"product_show_thumbnail\":\"\",\"product_hide_description\":\"\",\"product_hide_buy_button\":\"\",\"product_button_color\":\"\",\"tooltip\":\"\",\"content\":\"\",\"longitude\":0,\"latitude\":0,\"id\":\"ps_el_69eb34b17cb42_marker_0\",\"svgStyle\":{\"fill\":\"rgba(0, 0, 0, 0.5)\"}}],\"virtual_tour_enable\":\"true\",\"virtual_tour\":[{\"url\":\"https:\\\/\\\/mire.gob.pa\\\/palaciobolivar\\\/wp-content\\\/uploads\\\/2020\\\/02\\\/PIC_20190807_113556-scaled.jpg\"},{\"id\":21,\"url\":\"https:\\\/\\\/mire.gob.pa\\\/palaciobolivar\\\/wp-content\\\/uploads\\\/2020\\\/02\\\/PIC_20190807_105838-scaled.jpg\"},{\"id\":22,\"url\":\"https:\\\/\\\/mire.gob.pa\\\/palaciobolivar\\\/wp-content\\\/uploads\\\/2020\\\/02\\\/PIC_20190814_112507-scaled.jpg\"},{\"id\":23,\"url\":\"https:\\\/\\\/mire.gob.pa\\\/palaciobolivar\\\/wp-content\\\/uploads\\\/2020\\\/02\\\/PIC_20190814_114505-scaled.jpg\"},{\"id\":24,\"url\":\"https:\\\/\\\/mire.gob.pa\\\/palaciobolivar\\\/wp-content\\\/uploads\\\/2020\\\/02\\\/PIC_20190814_115342-scaled.jpg\"}],\"gallery_enable\":\"true\",\"position\":\"left\",\"gallery_count\":\"4\",\"display_gyroscope\":\"true\",\"style_tooltips\":\"white\",\"move_speed\":\"2\",\"enable_marker\":\"true\",\"mousemove\":\"true\",\"default_long\":\"0\",\"default_lat\":\"0\",\"container_id\":\"69eb34b17cb42\",\"size\":{\"height\":\"500\"},\"zoom_speed\":\"2\",\"min_fov\":10,\"max_fov\":90,\"transition\":{\"duration\":1000,\"loader\":true},\"navbar\":[\"zoom\",\"autorotate\",\"fullscreen\",\"markers\",\"gyroscope\"],\"caption\":false,\"as_bg\":false,\"mousewheel\":false,\"mousemove_hover\":false,\"navbar_enable\":false,\"display_markers\":false,\"display_caption\":false,\"display_stereo\":false,\"enable_cropped\":false};\n<\/script>\n\t\t\t\t<\/div>\n\t\t\t\t<\/div>\n\t\t\t\t\t<\/div>\n\t\t<\/div>\n\t\t\t\t\t<\/div>\n\t\t<\/section>\n\t\t\t\t<section class=\"elementor-section elementor-top-section elementor-element elementor-element-04657bf elementor-section-boxed elementor-section-height-default elementor-section-height-default\" data-id=\"04657bf\" data-element_type=\"section\">\n\t\t\t\t\t\t<div class=\"elementor-container elementor-column-gap-default\">\n\t\t\t\t\t<div class=\"elementor-column elementor-col-100 elementor-top-column elementor-element elementor-element-5f00c6a\" data-id=\"5f00c6a\" data-element_type=\"column\">\n\t\t\t<div class=\"elementor-widget-wrap elementor-element-populated\">\n\t\t\t\t\t\t<div class=\"elementor-element elementor-element-3497214 elementor-button-warning elementor-align-center elementor-widget elementor-widget-button\" data-id=\"3497214\" data-element_type=\"widget\" data-widget_type=\"button.default\">\n\t\t\t\t<div class=\"elementor-widget-container\">\n\t\t\t\t\t\t\t\t\t<div class=\"elementor-button-wrapper\">\n\t\t\t\t\t<a class=\"elementor-button elementor-button-link elementor-size-xl elementor-animation-grow\" href=\"https:\/\/mire.gob.pa\/palaciobolivar-2\/\">\n\t\t\t\t\t\t<span class=\"elementor-button-content-wrapper\">\n\t\t\t\t\t\t\t\t\t<span class=\"elementor-button-text\">CLIC AQU\u00cd PARA AGENDAR UNA VISITA GUIADA<\/span>\n\t\t\t\t\t<\/span>\n\t\t\t\t\t<\/a>\n\t\t\t\t<\/div>\n\t\t\t\t\t\t\t\t<\/div>\n\t\t\t\t<\/div>\n\t\t\t\t\t<\/div>\n\t\t<\/div>\n\t\t\t\t\t<\/div>\n\t\t<\/section>\n\t\t\t\t<section class=\"elementor-section elementor-top-section elementor-element elementor-element-f45b7a7 elementor-section-boxed elementor-section-height-default elementor-section-height-default\" data-id=\"f45b7a7\" data-element_type=\"section\">\n\t\t\t\t\t\t<div class=\"elementor-container elementor-column-gap-default\">\n\t\t\t\t\t<div class=\"elementor-column elementor-col-50 elementor-top-column elementor-element elementor-element-fe451cf\" data-id=\"fe451cf\" data-element_type=\"column\">\n\t\t\t<div class=\"elementor-widget-wrap elementor-element-populated\">\n\t\t\t\t\t\t<div class=\"elementor-element elementor-element-f2600c7 elementor-widget elementor-widget-image\" data-id=\"f2600c7\" data-element_type=\"widget\" data-widget_type=\"image.default\">\n\t\t\t\t<div class=\"elementor-widget-container\">\n\t\t\t\t\t\t\t\t\t\t\t\t\t\t\t<img fetchpriority=\"high\" decoding=\"async\" width=\"525\" height=\"350\" src=\"https:\/\/mire.gob.pa\/palaciobolivar\/wp-content\/uploads\/2020\/02\/JGH-PalacioBolivar2grua-1024x683.jpg\" class=\"attachment-large size-large wp-image-40\" alt=\"\" srcset=\"https:\/\/mire.gob.pa\/palaciobolivar\/wp-content\/uploads\/2020\/02\/JGH-PalacioBolivar2grua-1024x683.jpg 1024w, https:\/\/mire.gob.pa\/palaciobolivar\/wp-content\/uploads\/2020\/02\/JGH-PalacioBolivar2grua-300x200.jpg 300w, https:\/\/mire.gob.pa\/palaciobolivar\/wp-content\/uploads\/2020\/02\/JGH-PalacioBolivar2grua-768x512.jpg 768w, https:\/\/mire.gob.pa\/palaciobolivar\/wp-content\/uploads\/2020\/02\/JGH-PalacioBolivar2grua-1536x1024.jpg 1536w, https:\/\/mire.gob.pa\/palaciobolivar\/wp-content\/uploads\/2020\/02\/JGH-PalacioBolivar2grua-2048x1365.jpg 2048w, https:\/\/mire.gob.pa\/palaciobolivar\/wp-content\/uploads\/2020\/02\/JGH-PalacioBolivar2grua-200x133.jpg 200w, https:\/\/mire.gob.pa\/palaciobolivar\/wp-content\/uploads\/2020\/02\/JGH-PalacioBolivar2grua-400x267.jpg 400w, https:\/\/mire.gob.pa\/palaciobolivar\/wp-content\/uploads\/2020\/02\/JGH-PalacioBolivar2grua-600x400.jpg 600w, https:\/\/mire.gob.pa\/palaciobolivar\/wp-content\/uploads\/2020\/02\/JGH-PalacioBolivar2grua-800x533.jpg 800w, https:\/\/mire.gob.pa\/palaciobolivar\/wp-content\/uploads\/2020\/02\/JGH-PalacioBolivar2grua-1200x800.jpg 1200w\" sizes=\"100vw\" \/>\t\t\t\t\t\t\t\t\t\t\t\t\t\t\t<\/div>\n\t\t\t\t<\/div>\n\t\t\t\t\t<\/div>\n\t\t<\/div>\n\t\t\t\t<div class=\"elementor-column elementor-col-50 elementor-top-column elementor-element elementor-element-fab2e1e\" data-id=\"fab2e1e\" data-element_type=\"column\">\n\t\t\t<div class=\"elementor-widget-wrap elementor-element-populated\">\n\t\t\t\t\t\t<div class=\"elementor-element elementor-element-05293d2 elementor-widget elementor-widget-heading\" data-id=\"05293d2\" data-element_type=\"widget\" data-widget_type=\"heading.default\">\n\t\t\t\t<div class=\"elementor-widget-container\">\n\t\t\t\t\t<h1 class=\"elementor-heading-title elementor-size-default\">CONJUNTO MONUMENTAL Y PATRIMONIAL DEL PALACIO BOL\u00cdVAR <\/h1>\t\t\t\t<\/div>\n\t\t\t\t<\/div>\n\t\t\t\t<div class=\"elementor-element elementor-element-6f1efff elementor-widget elementor-widget-text-editor\" data-id=\"6f1efff\" data-element_type=\"widget\" data-widget_type=\"text-editor.default\">\n\t\t\t\t<div class=\"elementor-widget-container\">\n\t\t\t\t\t\t\t\t\t<p>El Conjunto Monumental y Patrimonial del Palacio Bol\u00edvar, sede del Ministerio de Relaciones Exteriores desde el a\u00f1o 2003, ha sido escenario de eventos trascendentales como: el Batall\u00f3n Istmo (1823) el Congreso Anficti\u00f3nico de Panam\u00e1 (1826) y la redacci\u00f3n y firma de la primera Constituci\u00f3n de la Rep\u00fablica (1904), as\u00ed como de otros sucesos de la vida pol\u00edtica, militar, educativa y religiosa del Istmo de Panam\u00e1 y del mundo entero durante cuatro siglos. Destaca su contribuci\u00f3n a la formaci\u00f3n acad\u00e9mica del pa\u00eds ya que fue sede de instituciones como: Colegio Nacional Balboa (1892-1899), Colegio La Salle (1910-1952),\u00a0 Colegio Panama School (1934-1940), Colegio Javier (1948), Colegio San Agust\u00edn (1953-1959), Instituto Bol\u00edvar (1959-1999), Instituto Comercial Bol\u00edvar (1959), y el Primer Ciclo Am\u00e9rica (1961-1972).<\/p>\t\t\t\t\t\t\t\t<\/div>\n\t\t\t\t<\/div>\n\t\t\t\t\t<\/div>\n\t\t<\/div>\n\t\t\t\t\t<\/div>\n\t\t<\/section>\n\t\t\t\t<section class=\"elementor-section elementor-top-section elementor-element elementor-element-d6c06be elementor-section-boxed elementor-section-height-default elementor-section-height-default\" data-id=\"d6c06be\" data-element_type=\"section\">\n\t\t\t\t\t\t<div class=\"elementor-container elementor-column-gap-default\">\n\t\t\t\t\t<div class=\"elementor-column elementor-col-50 elementor-top-column elementor-element elementor-element-996c6c0\" data-id=\"996c6c0\" data-element_type=\"column\">\n\t\t\t<div class=\"elementor-widget-wrap elementor-element-populated\">\n\t\t\t\t\t\t<div class=\"elementor-element elementor-element-1fee434 elementor-widget elementor-widget-heading\" data-id=\"1fee434\" data-element_type=\"widget\" data-widget_type=\"heading.default\">\n\t\t\t\t<div class=\"elementor-widget-container\">\n\t\t\t\t\t<h1 class=\"elementor-heading-title elementor-size-default\">LAS CRUJ\u00cdAS<\/h1>\t\t\t\t<\/div>\n\t\t\t\t<\/div>\n\t\t\t\t<div class=\"elementor-element elementor-element-0639baa elementor-widget elementor-widget-text-editor\" data-id=\"0639baa\" data-element_type=\"widget\" data-widget_type=\"text-editor.default\">\n\t\t\t\t<div class=\"elementor-widget-container\">\n\t\t\t\t\t\t\t\t\t<p>Durante los trabajos de restauraci\u00f3n del Palacio Bol\u00edvar y construcci\u00f3n del Pabell\u00f3n Centenario (2000 \u2013 2003), se encontraron las bases del edificio donde se presume fue el \u00e1rea de lavander\u00eda y cocina del monasterio franciscano (Cruj\u00edas), que permaneci\u00f3 guardado durante siglos, bajo tierra, para ser hoy testimonio de la primera edificaci\u00f3n existente en este punto. En este mismo periodo se dise\u00f1\u00f3 la Plaza de Los Libertadores en homenaje a los pr\u00f3ceres que lucharon por la independencia latinoamericana. En el centro de la plaza est\u00e1 ubicada la Rosa de los Vientos que representa la uni\u00f3n de Latinoam\u00e9rica liderada por Sim\u00f3n Bol\u00edvar, cuyo busto preside el \u00e1rea desde un extremo de la plaza con vista hacia el mar.<\/p>\t\t\t\t\t\t\t\t<\/div>\n\t\t\t\t<\/div>\n\t\t\t\t\t<\/div>\n\t\t<\/div>\n\t\t\t\t<div class=\"elementor-column elementor-col-50 elementor-top-column elementor-element elementor-element-5e08822\" data-id=\"5e08822\" data-element_type=\"column\">\n\t\t\t<div class=\"elementor-widget-wrap elementor-element-populated\">\n\t\t\t\t\t\t<div class=\"elementor-element elementor-element-7999b17 elementor-widget elementor-widget-image\" data-id=\"7999b17\" data-element_type=\"widget\" data-widget_type=\"image.default\">\n\t\t\t\t<div class=\"elementor-widget-container\">\n\t\t\t\t\t\t\t\t\t\t\t\t\t\t\t<img decoding=\"async\" width=\"525\" height=\"350\" src=\"https:\/\/mire.gob.pa\/palaciobolivar\/wp-content\/uploads\/2020\/02\/A74I9989-2-1024x683.jpg\" class=\"attachment-large size-large wp-image-42\" alt=\"\" srcset=\"https:\/\/mire.gob.pa\/palaciobolivar\/wp-content\/uploads\/2020\/02\/A74I9989-2-1024x683.jpg 1024w, https:\/\/mire.gob.pa\/palaciobolivar\/wp-content\/uploads\/2020\/02\/A74I9989-2-300x200.jpg 300w, https:\/\/mire.gob.pa\/palaciobolivar\/wp-content\/uploads\/2020\/02\/A74I9989-2-768x512.jpg 768w, https:\/\/mire.gob.pa\/palaciobolivar\/wp-content\/uploads\/2020\/02\/A74I9989-2-1536x1024.jpg 1536w, https:\/\/mire.gob.pa\/palaciobolivar\/wp-content\/uploads\/2020\/02\/A74I9989-2-2048x1365.jpg 2048w, https:\/\/mire.gob.pa\/palaciobolivar\/wp-content\/uploads\/2020\/02\/A74I9989-2-200x133.jpg 200w, https:\/\/mire.gob.pa\/palaciobolivar\/wp-content\/uploads\/2020\/02\/A74I9989-2-400x267.jpg 400w, https:\/\/mire.gob.pa\/palaciobolivar\/wp-content\/uploads\/2020\/02\/A74I9989-2-600x400.jpg 600w, https:\/\/mire.gob.pa\/palaciobolivar\/wp-content\/uploads\/2020\/02\/A74I9989-2-800x533.jpg 800w, https:\/\/mire.gob.pa\/palaciobolivar\/wp-content\/uploads\/2020\/02\/A74I9989-2-1200x800.jpg 1200w\" sizes=\"100vw\" \/>\t\t\t\t\t\t\t\t\t\t\t\t\t\t\t<\/div>\n\t\t\t\t<\/div>\n\t\t\t\t\t<\/div>\n\t\t<\/div>\n\t\t\t\t\t<\/div>\n\t\t<\/section>\n\t\t\t\t<section class=\"elementor-section elementor-top-section elementor-element elementor-element-8371973 elementor-section-boxed elementor-section-height-default elementor-section-height-default\" data-id=\"8371973\" data-element_type=\"section\">\n\t\t\t\t\t\t<div class=\"elementor-container elementor-column-gap-default\">\n\t\t\t\t\t<div class=\"elementor-column elementor-col-50 elementor-top-column elementor-element elementor-element-396f12d\" data-id=\"396f12d\" data-element_type=\"column\">\n\t\t\t<div class=\"elementor-widget-wrap elementor-element-populated\">\n\t\t\t\t\t\t<div class=\"elementor-element elementor-element-a7675dd elementor-widget elementor-widget-image\" data-id=\"a7675dd\" data-element_type=\"widget\" data-widget_type=\"image.default\">\n\t\t\t\t<div class=\"elementor-widget-container\">\n\t\t\t\t\t\t\t\t\t\t\t\t\t\t\t<img decoding=\"async\" width=\"525\" height=\"350\" src=\"https:\/\/mire.gob.pa\/palaciobolivar\/wp-content\/uploads\/2020\/02\/1-16-1024x683.jpg\" class=\"attachment-large size-large wp-image-52\" alt=\"\" srcset=\"https:\/\/mire.gob.pa\/palaciobolivar\/wp-content\/uploads\/2020\/02\/1-16-1024x683.jpg 1024w, https:\/\/mire.gob.pa\/palaciobolivar\/wp-content\/uploads\/2020\/02\/1-16-300x200.jpg 300w, https:\/\/mire.gob.pa\/palaciobolivar\/wp-content\/uploads\/2020\/02\/1-16-768x512.jpg 768w, https:\/\/mire.gob.pa\/palaciobolivar\/wp-content\/uploads\/2020\/02\/1-16-1536x1024.jpg 1536w, https:\/\/mire.gob.pa\/palaciobolivar\/wp-content\/uploads\/2020\/02\/1-16-2048x1365.jpg 2048w, https:\/\/mire.gob.pa\/palaciobolivar\/wp-content\/uploads\/2020\/02\/1-16-200x133.jpg 200w, https:\/\/mire.gob.pa\/palaciobolivar\/wp-content\/uploads\/2020\/02\/1-16-400x267.jpg 400w, https:\/\/mire.gob.pa\/palaciobolivar\/wp-content\/uploads\/2020\/02\/1-16-600x400.jpg 600w, https:\/\/mire.gob.pa\/palaciobolivar\/wp-content\/uploads\/2020\/02\/1-16-800x533.jpg 800w, https:\/\/mire.gob.pa\/palaciobolivar\/wp-content\/uploads\/2020\/02\/1-16-1200x800.jpg 1200w\" sizes=\"100vw\" \/>\t\t\t\t\t\t\t\t\t\t\t\t\t\t\t<\/div>\n\t\t\t\t<\/div>\n\t\t\t\t\t<\/div>\n\t\t<\/div>\n\t\t\t\t<div class=\"elementor-column elementor-col-50 elementor-top-column elementor-element elementor-element-9a28344\" data-id=\"9a28344\" data-element_type=\"column\">\n\t\t\t<div class=\"elementor-widget-wrap elementor-element-populated\">\n\t\t\t\t\t\t<div class=\"elementor-element elementor-element-ba270ff elementor-widget elementor-widget-heading\" data-id=\"ba270ff\" data-element_type=\"widget\" data-widget_type=\"heading.default\">\n\t\t\t\t<div class=\"elementor-widget-container\">\n\t\t\t\t\t<h1 class=\"elementor-heading-title elementor-size-default\">PABELLONES DEL PALACIO BOL\u00cdVAR<\/h1>\t\t\t\t<\/div>\n\t\t\t\t<\/div>\n\t\t\t\t<div class=\"elementor-element elementor-element-d46eb5e elementor-widget elementor-widget-text-editor\" data-id=\"d46eb5e\" data-element_type=\"widget\" data-widget_type=\"text-editor.default\">\n\t\t\t\t<div class=\"elementor-widget-container\">\n\t\t\t\t\t\t\t\t\t<p>La Plaza de Los Libertadores est\u00e1 rodeada por 4 pabellones. Los 3 primeros, fueron construidos a inicios del siglo XX por los Hermanos Cristianos (o Lasallistas). En el nuevo anexo se localiza el Pabell\u00f3n Francisco Javier Jungito.<\/p>\n<ul>\n<li>Santa Juana de Arco (1921-1922). En este pabell\u00f3n se encuentran: El Sal\u00f3n Bol\u00edvar, la Sala de Actas del Congreso Anficti\u00f3nico, las oficinas de la Sociedad Bolivariana de Panam\u00e1 y la Sala Conmemorativa de la VII Cumbre de las Am\u00e9ricas, 2015.<\/li>\n<li>San Juan Bautista de La Salle (1926) En este pabell\u00f3n se encuentra la Biblioteca y Sala de Consultas del Acervo Hist\u00f3rico Diplom\u00e1tico de la Canciller\u00eda, \u201cRoberto F. Chiari\u201d.<\/li>\n<li>Constituci\u00f3n (inicialmente San Jos\u00e9) (1931). En un \u00e1rea de este pabell\u00f3n Se realiz\u00f3 Asamblea Constituyente que dio origen a la primera constituci\u00f3n de la Rep\u00fablica en 1904. Est\u00e1 construido parcialmente sobre el mar.<\/li>\n<li>Centenario (2003). Se construy\u00f3 e inaugur\u00f3 para conmemorar el Centenario de la Rep\u00fablica de Panam\u00e1. Los Despachos Superiores se ubican en estos 2 \u00faltimos pabellones.<\/li>\n<li>Francisco Javier Juguito (2017) : Construido por los jesuitas en 1940. Fue sede de: Colegio Panama School (1934-1940), Colegio Javier (1948), Colegio Richard Newmann (1958), Colegio San Agust\u00edn (1959).<\/li>\n<\/ul>\t\t\t\t\t\t\t\t<\/div>\n\t\t\t\t<\/div>\n\t\t\t\t\t<\/div>\n\t\t<\/div>\n\t\t\t\t\t<\/div>\n\t\t<\/section>\n\t\t\t\t<\/div>\n\t\t","protected":false},"excerpt":{"rendered":"<p>CLIC AQU\u00cd PARA AGENDAR UNA VISITA GUIADA CONJUNTO MONUMENTAL Y PATRIMONIAL DEL PALACIO BOL\u00cdVAR El Conjunto Monumental y Patrimonial del Palacio Bol\u00edvar, sede del Ministerio de Relaciones Exteriores desde el a\u00f1o 2003, ha sido escenario de eventos trascendentales como: el Batall\u00f3n Istmo (1823) el Congreso Anficti\u00f3nico de Panam\u00e1 (1826) y la redacci\u00f3n y firma de &hellip; <\/p>\n<p class=\"link-more\"><a href=\"https:\/\/mire.gob.pa\/palaciobolivar\/\" class=\"more-link\">Continuar leyendo<span class=\"screen-reader-text\"> \u00abPALACIO BOL\u00cdVAR\u00bb<\/span><\/a><\/p>\n","protected":false},"author":1,"featured_media":0,"parent":0,"menu_order":0,"comment_status":"closed","ping_status":"closed","template":"","meta":{"footnotes":""},"class_list":["post-7","page","type-page","status-publish","hentry"],"_links":{"self":[{"href":"https:\/\/mire.gob.pa\/palaciobolivar\/wp-json\/wp\/v2\/pages\/7","targetHints":{"allow":["GET"]}}],"collection":[{"href":"https:\/\/mire.gob.pa\/palaciobolivar\/wp-json\/wp\/v2\/pages"}],"about":[{"href":"https:\/\/mire.gob.pa\/palaciobolivar\/wp-json\/wp\/v2\/types\/page"}],"author":[{"embeddable":true,"href":"https:\/\/mire.gob.pa\/palaciobolivar\/wp-json\/wp\/v2\/users\/1"}],"replies":[{"embeddable":true,"href":"https:\/\/mire.gob.pa\/palaciobolivar\/wp-json\/wp\/v2\/comments?post=7"}],"version-history":[{"count":269,"href":"https:\/\/mire.gob.pa\/palaciobolivar\/wp-json\/wp\/v2\/pages\/7\/revisions"}],"predecessor-version":[{"id":348,"href":"https:\/\/mire.gob.pa\/palaciobolivar\/wp-json\/wp\/v2\/pages\/7\/revisions\/348"}],"wp:attachment":[{"href":"https:\/\/mire.gob.pa\/palaciobolivar\/wp-json\/wp\/v2\/media?parent=7"}],"curies":[{"name":"wp","href":"https:\/\/api.w.org\/{rel}","templated":true}]}}